{"id":816,"date":"2016-04-06T19:43:59","date_gmt":"2016-04-06T19:43:59","guid":{"rendered":"http:\/\/www.egfa.com.ar\/?page_id=816"},"modified":"2020-09-14T12:59:04","modified_gmt":"2020-09-14T15:59:04","slug":"trabajar-en-egfa","status":"publish","type":"page","link":"http:\/\/www.egfa.com.ar\/es\/trabajar-en-egfa\/","title":{"rendered":"TRABAJAR EN EGFA"},"content":{"rendered":"\n<div class=\"wp-block-group\"><div class=\"wp-block-group__inner-container\">\n<p class=\"has-text-align-center\">Estamos en constante b\u00fasqueda para la incorporaci\u00f3n de talento. Si te interesa formar parte de un estudio l\u00edder en Argentina, y de reconocida reputaci\u00f3n internacional, trabajar en forma directa con socios y clientes y desarrollar tu carrera profesional en un \u00e1mbito de primer nivel, incluyendo la oportunidad de realizar una experiencia laboral en alguno de los principales estudios jur\u00eddicos de Nueva York o Londres, <strong>envianos tu CV o seguinos en LinkedIn<\/strong> para enterarte de oportunidades laborales en nuestra firma.<\/p>\n<\/div><\/div>\n\n\n<div role=\"form\" class=\"wpcf7\" id=\"wpcf7-f817-o1\" lang=\"en-US\" dir=\"ltr\">\n<div class=\"screen-reader-response\" role=\"alert\" aria-live=\"polite\"><\/div>\n<form action=\"\/es\/wp-json\/wp\/v2\/pages\/816#wpcf7-f817-o1\" method=\"post\" class=\"wpcf7-form init\" enctype=\"multipart\/form-data\" novalidate=\"novalidate\">\n<div style=\"display: none;\">\n<input type=\"hidden\" name=\"_wpcf7\" value=\"817\" \/>\n<input type=\"hidden\" name=\"_wpcf7_version\" value=\"5.2.2\" \/>\n<input type=\"hidden\" name=\"_wpcf7_locale\" value=\"en_US\" \/>\n<input type=\"hidden\" name=\"_wpcf7_unit_tag\" value=\"wpcf7-f817-o1\" \/>\n<input type=\"hidden\" name=\"_wpcf7_container_post\" value=\"0\" \/>\n<input type=\"hidden\" name=\"_wpcf7_posted_data_hash\" value=\"\" \/>\n<\/div>\n<div class=\"container\">\n<div class=\"row\">\n<div class=\"col-12 mb-5 col-md-4\">\n      <label aria-label=\"Nombre\"><span class=\"wpcf7-form-control-wrap your-name\"><input type=\"text\" name=\"your-name\" value=\"\" size=\"40\" class=\"wpcf7-form-control wpcf7-text wpcf7-validates-as-required\" aria-required=\"true\" aria-invalid=\"false\" placeholder=\"Nombre\" \/><\/span><\/label>\n    <\/div>\n<div class=\"col-12 mb-5 col-md-4\">\n      <label aria-label=\"Email\"><span class=\"wpcf7-form-control-wrap your-email\"><input type=\"email\" name=\"your-email\" value=\"\" size=\"40\" class=\"wpcf7-form-control wpcf7-text wpcf7-email wpcf7-validates-as-required wpcf7-validates-as-email\" aria-required=\"true\" aria-invalid=\"false\" placeholder=\"Email\" \/><\/span><\/label>\n    <\/div>\n<div class=\"col-12 mb-5 col-md-4\">\n      <label aria-label=\"Tel\u00e9fono\"><span class=\"wpcf7-form-control-wrap telefono\"><input type=\"tel\" name=\"telefono\" value=\"\" size=\"40\" class=\"wpcf7-form-control wpcf7-text wpcf7-tel wpcf7-validates-as-tel\" aria-invalid=\"false\" placeholder=\"Tel\u00e9fono\" \/><\/span><\/label>\n    <\/div>\n<\/p><\/div>\n<div class=\"row mb-5\">\n<div class=\"col-12\">\n      <label aria-label=\"Mensaje\"><span class=\"wpcf7-form-control-wrap your-message\"><textarea name=\"your-message\" cols=\"40\" rows=\"10\" class=\"wpcf7-form-control wpcf7-textarea wpcf7-validates-as-required\" aria-required=\"true\" aria-invalid=\"false\" placeholder=\"Mensaje\"><\/textarea><\/span><\/label>\n    <\/div>\n<\/p><\/div>\n<div class=\"row mb-5 text-center\">\n<div class=\"col-12\">\n      <label aria-label=\"Adjunto\"><span class=\"wpcf7-form-control-wrap file-597\"><input type=\"file\" name=\"file-597\" size=\"40\" class=\"wpcf7-form-control wpcf7-file\" accept=\".jpg,.jpeg,.png,.gif,.pdf,.doc,.docx,.ppt,.pptx,.odt,.avi,.ogg,.m4a,.mov,.mp3,.mp4,.mpg,.wav,.wmv\" aria-invalid=\"false\" \/><\/span><\/label>\n    <\/div>\n<\/p><\/div>\n<div class=\"row mb-5 text-center\">\n<div class=\"col-12\">\n      <input type=\"submit\" value=\"Enviar\" class=\"wpcf7-form-control wpcf7-submit custom-form-submit\" \/>\n    <\/div>\n<\/p><\/div>\n<\/div>\n<div class=\"wpcf7-response-output\" role=\"alert\" aria-hidden=\"true\"><\/div><\/form><\/div>\n","protected":false},"excerpt":{"rendered":"","protected":false},"author":1,"featured_media":2765,"parent":0,"menu_order":0,"comment_status":"closed","ping_status":"closed","template":"100-width.php","meta":[],"_links":{"self":[{"href":"http:\/\/www.egfa.com.ar\/es\/wp-json\/wp\/v2\/pages\/816"}],"collection":[{"href":"http:\/\/www.egfa.com.ar\/es\/wp-json\/wp\/v2\/pages"}],"about":[{"href":"http:\/\/www.egfa.com.ar\/es\/wp-json\/wp\/v2\/types\/page"}],"author":[{"embeddable":true,"href":"http:\/\/www.egfa.com.ar\/es\/wp-json\/wp\/v2\/users\/1"}],"replies":[{"embeddable":true,"href":"http:\/\/www.egfa.com.ar\/es\/wp-json\/wp\/v2\/comments?post=816"}],"version-history":[{"count":9,"href":"http:\/\/www.egfa.com.ar\/es\/wp-json\/wp\/v2\/pages\/816\/revisions"}],"predecessor-version":[{"id":3102,"href":"http:\/\/www.egfa.com.ar\/es\/wp-json\/wp\/v2\/pages\/816\/revisions\/3102"}],"wp:featuredmedia":[{"embeddable":true,"href":"http:\/\/www.egfa.com.ar\/es\/wp-json\/wp\/v2\/media\/2765"}],"wp:attachment":[{"href":"http:\/\/www.egfa.com.ar\/es\/wp-json\/wp\/v2\/media?parent=816"}],"curies":[{"name":"wp","href":"https:\/\/api.w.org\/{rel}","templated":true}]}}