{"id":1959,"date":"2019-09-30T17:52:18","date_gmt":"2019-09-30T17:52:18","guid":{"rendered":"http:\/\/www.egfa.com.ar\/?page_id=1959"},"modified":"2020-09-14T12:54:17","modified_gmt":"2020-09-14T15:54:17","slug":"real-estate","status":"publish","type":"page","link":"http:\/\/www.egfa.com.ar\/es\/transacciones\/real-estate\/","title":{"rendered":"REAL ESTATE"},"content":{"rendered":"\n<div class=\"wp-block-columns\">\n<div class=\"wp-block-column\">\n<ul><li>Representamos a <strong>BBVA<\/strong> en la adquisici\u00f3n y desarrollo (junto a Consultatio) del edificio corporativo para BBVA en Buenos Aires, habi\u00e9ndose reportado dicha transacci\u00f3n como la principal adquisici\u00f3n de activos inmobiliarios en Buenos Aires en t\u00e9rminos de precio.<\/li><\/ul>\n\n\n\n<ul><li>Representamos al fondo de inversi\u00f3n inmobiliario de <strong>Goldman Sachs<\/strong> (GS Emerging Markets Real Estate Fund) en la adquisici\u00f3n, junto con IRSA (principal desarrollador inmobiliario en Argentina), del Alto Palermo (siendo dicha transacci\u00f3n la principal transacci\u00f3n inmobiliaria en Argentina en t\u00e9rminos de precio).<\/li><\/ul>\n\n\n\n<ul><li>Asesoramos a <strong>PREF I<\/strong> en la adquisici\u00f3n del edificio de oficinas del Banco do Brazil en el centro de Buenos Aires.<\/li><\/ul>\n\n\n\n<ul><li>Asesoramos a <strong>PREF I<\/strong> en la adquisici\u00f3n de un lote para el desarrollo de torres de oficinas en las afueras de Buenos Aires (Urbana).<\/li><\/ul>\n<\/div>\n\n\n\n<div class=\"wp-block-column\">\n<ul><li>Representamos a <strong>PDG Realty<\/strong>, un desarrollador inmobiliario brasile\u00f1o, en la adquisici\u00f3n de una participaci\u00f3n accionaria significativa en TGLT para financiar proyectos inmobiliarios residenciales en Rosario y Buenos Aires.<\/li><\/ul>\n\n\n\n<ul><li>Asesoramos en la formaci\u00f3n de <strong>PREF I<\/strong>, un fondo internacional administrado por un joint venture entre <strong>Pegasus Capital y Merrill Lynch<\/strong>, y representamos a <strong>PREF I<\/strong> en la adquisici\u00f3n de la planta de flores de Molinos Morixe, ubicada en la Ciudad de Buenos Aires, para el desarrollo de torres residenciales.<\/li><\/ul>\n\n\n\n<ul><li>Asesoramos a<strong> PREF I<\/strong> en la adquisici\u00f3n de un lote para el desarrollo de un centro comercial y un hipermercado en las afueras de Buenos Aires (<em>Tortugas Open Mall<\/em>) a trav\u00e9s de un <em>joint venture<\/em> con COTO CICSA (principal empresa de supermercados argentina).<\/li><\/ul>\n<\/div>\n<\/div>\n","protected":false},"excerpt":{"rendered":"<p>Representamos a BBVA en la adquisici\u00f3n y desarrollo (junto a Consultatio) del edificio corporativo para BBVA en Buenos Aires, habi\u00e9ndose reportado dicha transacci\u00f3n como la principal adquisici\u00f3n de activos inmobiliarios en Buenos Aires en t\u00e9rminos de precio. Representamos al fondo de inversi\u00f3n inmobiliario de Goldman Sachs (GS Emerging Markets Real Estate Fund) en la adquisici\u00f3n, &hellip; <a href=\"http:\/\/www.egfa.com.ar\/es\/transacciones\/real-estate\/\" class=\"more-link\">Continue reading <span class=\"screen-reader-text\">REAL ESTATE<\/span><\/a><\/p>\n","protected":false},"author":1,"featured_media":2765,"parent":2937,"menu_order":2,"comment_status":"closed","ping_status":"closed","template":"","meta":[],"_links":{"self":[{"href":"http:\/\/www.egfa.com.ar\/es\/wp-json\/wp\/v2\/pages\/1959"}],"collection":[{"href":"http:\/\/www.egfa.com.ar\/es\/wp-json\/wp\/v2\/pages"}],"about":[{"href":"http:\/\/www.egfa.com.ar\/es\/wp-json\/wp\/v2\/types\/page"}],"author":[{"embeddable":true,"href":"http:\/\/www.egfa.com.ar\/es\/wp-json\/wp\/v2\/users\/1"}],"replies":[{"embeddable":true,"href":"http:\/\/www.egfa.com.ar\/es\/wp-json\/wp\/v2\/comments?post=1959"}],"version-history":[{"count":4,"href":"http:\/\/www.egfa.com.ar\/es\/wp-json\/wp\/v2\/pages\/1959\/revisions"}],"predecessor-version":[{"id":3121,"href":"http:\/\/www.egfa.com.ar\/es\/wp-json\/wp\/v2\/pages\/1959\/revisions\/3121"}],"up":[{"embeddable":true,"href":"http:\/\/www.egfa.com.ar\/es\/wp-json\/wp\/v2\/pages\/2937"}],"wp:featuredmedia":[{"embeddable":true,"href":"http:\/\/www.egfa.com.ar\/es\/wp-json\/wp\/v2\/media\/2765"}],"wp:attachment":[{"href":"http:\/\/www.egfa.com.ar\/es\/wp-json\/wp\/v2\/media?parent=1959"}],"curies":[{"name":"wp","href":"https:\/\/api.w.org\/{rel}","templated":true}]}}