{"id":1957,"date":"2019-09-30T17:50:11","date_gmt":"2019-09-30T17:50:11","guid":{"rendered":"http:\/\/www.egfa.com.ar\/?page_id=1957"},"modified":"2020-09-14T12:53:13","modified_gmt":"2020-09-14T15:53:13","slug":"fusiones-adquisiciones","status":"publish","type":"page","link":"http:\/\/www.egfa.com.ar\/es\/transacciones\/fusiones-adquisiciones\/","title":{"rendered":"FUSIONES Y ADQUISICIONES"},"content":{"rendered":"\n<div class=\"wp-block-columns\">\n<div class=\"wp-block-column\">\n<ul><li>Asesoramos a <strong>Telecom Argentina<\/strong> en la fusi\u00f3n con Cablevisi\u00f3n y Nextel Telecomunicaciones, por un valor aproximado de US$ 11 mil millones (2017).<\/li><\/ul>\n\n\n\n<ul><li>Asesoramos a la <strong>Rep\u00fablica Argentina<\/strong> en la venta del 14,99% de las acciones de YPF a Repsol, por un valor aproximado de US$ 2 mil millones (1999).<\/li><\/ul>\n\n\n\n<ul><li>Asesoramos a <strong>Fintech Telecom<\/strong> en la adquisici\u00f3n del paquete accionario de control de Telecom Argentina, por un valor aproximado de US$ 960 millones (2016).<\/li><\/ul>\n\n\n\n<ul><li>Asesoramos a&nbsp;<strong>Sofora Telecomunicaciones<\/strong> en la amortizaci\u00f3n de acciones del Grupo Werthein, por un valor aproximado de US$ 450 millones (2017).<\/li><\/ul>\n\n\n\n<ul><li>Asesoramos a <strong>AEI<\/strong> en la venta de EDEN (distribuidora el\u00e9ctrica en la Provincia de Buenos Aires), EMDERSA (sociedad controlante de las distribuidoras el\u00e9ctricas de las Provincias de Salta, San Luis y La Rioja), y CIESA (controlante de Transportadora Gas del Sur) a Pampa Energ\u00eda, por un valor aproximado de 276 millones (2011).<\/li><\/ul>\n\n\n\n<ul><li>Asesoramos a <strong>Desarrolladora Energ\u00e9tica<\/strong> en la adquisici\u00f3n de las distribuidoras el\u00e9ctricas de la provincia de Buenos Aires EDEN y EDES, por un valor aproximado de US$ 205 millones (2017).<\/li><\/ul>\n\n\n\n<ul><li>Asesoramos a <strong>Embotelladoras Arca<\/strong> en la adquisici\u00f3n del 100% del capital accionario de Juan Bautista Guerrero S.A, una embotelladora de Coca-Cola que opera en el noroeste de Argentina, por un valor aproximado de US$ 196 millones (2008).<\/li><\/ul>\n\n\n\n<ul><li>Asesoramos a <strong>un grupo inversor liderado por Pegasus Capital<\/strong> en la adquisici\u00f3n de Farmacity, la cadena de farmacias m\u00e1s grande de la Argentina, por un valor aproximado de US$ 103 millones (2007).<\/li><\/ul>\n\n\n\n<ul><li>Asesoramos a <strong>Grupo Dolphin<\/strong> en la adquisici\u00f3n del paquete de control EDENOR (mayor distribuidora el\u00e9ctrica de Argentina), por un valor aproximado de US$ 100 millones (2005).<\/li><\/ul>\n\n\n\n<ul><li>Asesoramos a <strong>Pegasus Capital y Merrill Lynch<\/strong> en la creaci\u00f3n de PREF I, un fondo de <em>private equity <\/em>internacional para realizar inversiones inmobiliarias en la Argentina, por un valor aproximado de US$ 77 millones (2006).<\/li><\/ul>\n\n\n\n<ul><li>Asesoramos a <strong>Cartessian<\/strong> <strong>Capital Group<\/strong> en la adquisici\u00f3n del paquete accionario de control de Flybondi, por un valor aproximado de US$ 75 millones (2017).<\/li><\/ul>\n\n\n\n<ul><li>Asesoramos a <strong>Embotelladoras Arca<\/strong> en la adquisici\u00f3n del 100% del capital accionario de Formosa Refrescos, la embotelladora de Coca-Cola en la provincia de Formosa, por un valor aproximado de US$ 72 millones (2008).<\/li><\/ul>\n\n\n\n<ul><li>Asesoramos a <strong>Disvol Investment<\/strong> en la adquisici\u00f3n de una participaci\u00f3n accionaria en Camuzzi Gas del Sur y Camuzzi Gas Pampeana y en el joint venture entre Jismol, Camuzzi International y Disvol Investment, por un valor aproximado de US$ 64 millones (2017).<\/li><\/ul>\n\n\n\n<ul><li>Asesoramos a <strong>Fintech <\/strong>en la compra de EMGASUD (hoy Genneia) a Fides, por un valor aproximado de US$ 48 millones (2011).<\/li><\/ul>\n\n\n\n<ul><li>Asesoramos a <strong>Banco Galicia y Pegasus Capital<\/strong> en la adquisici\u00f3n de Compa\u00f1\u00eda Financiera Argentina, una compa\u00f1\u00eda de financiamiento de consumo l\u00edder en la Argentina, por un valor aproximado de US$ 44 millones (2009).<\/li><\/ul>\n\n\n\n<ul><li>Asesoramos a <strong>Grupo Supervielle<\/strong> en la adquisici\u00f3n del 100% del paquete accionario de InvertirOnline, por un valor aproximado de US$ 40 millones (2018).<\/li><\/ul>\n\n\n\n<ul><li>Asesoramos a <strong>Ashmore<\/strong> en la adquisici\u00f3n de Empresa Distribuidora Norte S.A. (EDEN) (2006).<\/li><\/ul>\n<\/div>\n\n\n\n<div class=\"wp-block-column\">\n<ul><li>Asesoramos a <strong>Genneia<\/strong> en las adquisiciones del 100% del paquete accionario de Ullum 1, Ullum 2 y Ullum 3, sociedades titulares de los proyectos solares fotovoltaicos con los mismos nombres (2018).<\/li><\/ul>\n\n\n\n<ul><li>Asesoramos a <strong>Castlelake<\/strong> en la adquisici\u00f3n del 50% del paquete accionario de Greenwind, sociedad titular del Parque E\u00f3lico Corti (2017).<\/li><\/ul>\n\n\n\n<ul><li>Asesoramos a <strong>Telecom Argentina<\/strong> en la fusi\u00f3n con Telecom Personal, Nortel Inversora y Sofora Telecomunicaciones (2016).<\/li><\/ul>\n\n\n\n<ul><li>Asesoramos a <strong>Grupo Calidra<\/strong> en la adquisici\u00f3n de CEFAS, principal empresa calera de Argentina (Cal El Milagro) (2016).<\/li><\/ul>\n\n\n\n<ul><li>Asesoramos a <strong>BBVA <\/strong>en el joint venture con <strong>Volkswagen Financial Services <\/strong>mediante la adquisici\u00f3n por BBVA del 51% del paquete accionario de Volkswagen Credit Compa\u00f1\u00eda Financiera y la celebraci\u00f3n de un acuerdo de accionistas (2016).<\/li><\/ul>\n\n\n\n<ul><li>Asesoramos a <strong>Fintech Energy, Jorge Brito, Jorge Pablo Brito y Delf\u00edn Carballo<\/strong> en la adquisici\u00f3n del 11,64% de las acciones de Genneia de propiedad de Andreas Keller Sarmiento, en la venta de sus acciones Clase A de Genneia a PointState y en la negociaci\u00f3n del acuerdo de accionistas. (2015).<\/li><\/ul>\n\n\n\n<ul><li>Asesoramos a <strong>Disvol Investment<\/strong> en la adquisici\u00f3n del paquete accionario de control de Inversora El\u00e9ctrica de Buenos Aires, sociedad controlante de EDEA (2014).<\/li><\/ul>\n\n\n\n<ul><li>Asesoramos a <strong>Jismol<\/strong> en la adquisici\u00f3n del 50% de Camuzzi Gas Pampeana y Camuzzi Gas del Sur y en el joint venture entre <strong>Jismol y Camuzzi International<\/strong> (2013).<\/li><\/ul>\n\n\n\n<ul><li>Asesoramos a <strong>Disvol Investment<\/strong> en la adquisici\u00f3n del paquete accionario de control de EDELAP (2012).<\/li><\/ul>\n\n\n\n<ul><li>Asesoramos a <strong>Posets, Magintec y Pabinel<\/strong> en la adquisici\u00f3n del control de Empresa Distribuidora de Electricidad de Salta (2012).<\/li><\/ul>\n\n\n\n<ul><li>Asesoramos a <strong>AEI<\/strong> en la venta de EMGASUD (hoy Genneia) a Fides (2011).<\/li><\/ul>\n\n\n\n<ul><li>Asesoramos a <strong>AEI<\/strong> en la adquisici\u00f3n de EMDERSA, sociedad controlante de EDESA (distribuidora el\u00e9ctrica de Salta), EDESAL (distribuidora el\u00e9ctrica de San Luis), y EDELAR (distribuidora el\u00e9ctrica de La Rioja) (2009).<\/li><\/ul>\n\n\n\n<ul><li>Asesoramos a <strong>Farmacity<\/strong> en la adquisici\u00f3n de Farmacias del Aguila y Aguifarma (2009).<\/li><\/ul>\n\n\n\n<ul><li>Asesoramos a <strong>AEI<\/strong> en la adquisici\u00f3n de una participaci\u00f3n de co-control en EMGASUD (2008). Energ\u00eda.<\/li><\/ul>\n\n\n\n<ul><li>Asesoramos a <strong>Embotelladoras Arca<\/strong> en la adquisici\u00f3n del 100% del capital accionario de DICO, la embotelladora de Coca-Cola en la provincia de Corrientes (2008).<\/li><\/ul>\n\n\n\n<ul><li>Asesoramos a <strong>Pegasus Capital<\/strong> en la creaci\u00f3n de un joint venture con Credit Suisse para el desarrollo de un negocio de <em>consumer finance<\/em> a trav\u00e9s de Finangroup (2007).<\/li><\/ul>\n\n\n\n<ul><li>Asesoramos a <strong>Pegasus Capital<\/strong> en la creaci\u00f3n de un joint venture con Grupo Whpei para el desarrollo de un negocio de pr\u00e9stamos personales con c\u00f3digo de descuento a trav\u00e9s de Grupo Uni\u00f3n S.A. (2006).<\/li><\/ul>\n\n\n\n<ul><li>Asesoramos a <strong>Grupo Dolphin<\/strong> en la adquisici\u00f3n de Frigor\u00edfico La Pampa (hoy Pampa Energ\u00eda) (2006).<\/li><\/ul>\n\n\n\n<ul><li>Asesoramos a <strong>UBS Pactual<\/strong> en la adquisici\u00f3n de una participaci\u00f3n accionaria significativa en Los Grobo Agropecuaria (2006).<\/li><\/ul>\n\n\n\n<ul><li>Asesoramos a <strong>CIT Group<\/strong> en la venta de The Capita Corporation de Argentina a Banco Comafi (2004).<\/li><\/ul>\n<\/div>\n<\/div>\n","protected":false},"excerpt":{"rendered":"<p>Asesoramos a Telecom Argentina en la fusi\u00f3n con Cablevisi\u00f3n y Nextel Telecomunicaciones, por un valor aproximado de US$ 11 mil millones (2017). Asesoramos a la Rep\u00fablica Argentina en la venta del 14,99% de las acciones de YPF a Repsol, por un valor aproximado de US$ 2 mil millones (1999). Asesoramos a Fintech Telecom en la &hellip; <a href=\"http:\/\/www.egfa.com.ar\/es\/transacciones\/fusiones-adquisiciones\/\" class=\"more-link\">Continue reading <span class=\"screen-reader-text\">FUSIONES Y ADQUISICIONES<\/span><\/a><\/p>\n","protected":false},"author":1,"featured_media":2765,"parent":2937,"menu_order":2,"comment_status":"closed","ping_status":"closed","template":"","meta":[],"_links":{"self":[{"href":"http:\/\/www.egfa.com.ar\/es\/wp-json\/wp\/v2\/pages\/1957"}],"collection":[{"href":"http:\/\/www.egfa.com.ar\/es\/wp-json\/wp\/v2\/pages"}],"about":[{"href":"http:\/\/www.egfa.com.ar\/es\/wp-json\/wp\/v2\/types\/page"}],"author":[{"embeddable":true,"href":"http:\/\/www.egfa.com.ar\/es\/wp-json\/wp\/v2\/users\/1"}],"replies":[{"embeddable":true,"href":"http:\/\/www.egfa.com.ar\/es\/wp-json\/wp\/v2\/comments?post=1957"}],"version-history":[{"count":4,"href":"http:\/\/www.egfa.com.ar\/es\/wp-json\/wp\/v2\/pages\/1957\/revisions"}],"predecessor-version":[{"id":3244,"href":"http:\/\/www.egfa.com.ar\/es\/wp-json\/wp\/v2\/pages\/1957\/revisions\/3244"}],"up":[{"embeddable":true,"href":"http:\/\/www.egfa.com.ar\/es\/wp-json\/wp\/v2\/pages\/2937"}],"wp:featuredmedia":[{"embeddable":true,"href":"http:\/\/www.egfa.com.ar\/es\/wp-json\/wp\/v2\/media\/2765"}],"wp:attachment":[{"href":"http:\/\/www.egfa.com.ar\/es\/wp-json\/wp\/v2\/media?parent=1957"}],"curies":[{"name":"wp","href":"https:\/\/api.w.org\/{rel}","templated":true}]}}