{"id":1949,"date":"2019-09-30T17:45:10","date_gmt":"2019-09-30T17:45:10","guid":{"rendered":"http:\/\/www.egfa.com.ar\/?page_id=1949"},"modified":"2020-09-14T12:55:49","modified_gmt":"2020-09-14T15:55:49","slug":"reestructuracion-de-deuda","status":"publish","type":"page","link":"http:\/\/www.egfa.com.ar\/es\/transacciones\/reestructuracion-de-deuda\/","title":{"rendered":"REESTRUCTURACIONES DE DEUDA"},"content":{"rendered":"\n<div class=\"wp-block-columns\">\n<div class=\"wp-block-column\">\n<ul><li>Asesoramos a la <strong>Rep\u00fablica Argentina<\/strong> en su proceso reestructuraci\u00f3n de deuda con los <em>holdouts, <\/em>mediante la colocaci\u00f3n internacional de bonos soberanos por m\u00e1s de US$ 16 mil millones, transacci\u00f3n que fue reconocida en 2016 como \u201c<em>Global Finance Deal of the Year Award<\/em>\u201d en The American Lawyer.<\/li><\/ul>\n\n\n\n<ul><li>Asesoramos en la reestructuraci\u00f3n de deuda de <strong>Telecom Argentina<\/strong>, llevada a cabo a trav\u00e9s de un Acuerdo Preventivo Extrajudicial, por un monto de aproximadamente US$ 2,7 mil millones.<\/li><\/ul>\n\n\n\n<ul><li>Asesoramos en la reestructuraci\u00f3n de deuda de <strong>Transportadora de Gas del Sur<\/strong> por un monto de aproximadamente US$ 1 mil millones.<\/li><\/ul>\n\n\n\n<ul><li>Asesoramos en la reestructuraci\u00f3n de deuda de <strong>Cablevisi\u00f3n<\/strong>, llevada a cabo a trav\u00e9s de un Acuerdo Preventivo Extrajudicial, por un monto de aproximadamente US$ 800 millones.<\/li><\/ul>\n\n\n\n<ul><li>Asesoramos en la reestructuraci\u00f3n de deuda de <strong>Transener<\/strong>, llevada a cabo a trav\u00e9s de un Acuerdo Preventivo Extrajudicial, por un monto de aproximadamente US$ 570 millones.<\/li><\/ul>\n\n\n\n<ul><li>Asesoramos en la reestructuraci\u00f3n de deuda de <strong>Multicanal<\/strong> por un monto de aproximadamente US$ 500 millones, siendo la primera reestructuraci\u00f3n de deuda financiera llevada a cabo a trav\u00e9s de un Acuerdo Preventivo Extrajudicial en Argentina.<\/li><\/ul>\n\n\n\n<ul><li>Asesoramos en la reestructuraci\u00f3n de deuda de <strong>Edenor<\/strong> por un monto de aproximadamente US$ 500 millones.<\/li><\/ul>\n\n\n\n<ul><li>Asesoramos en la reestructuraci\u00f3n de deuda de <strong>Autopistas del Sol<\/strong>, llevada a cabo a trav\u00e9s de un Acuerdo Preventivo Extrajudicial, por un monto de aproximadamente US$ 500 millones.<\/li><\/ul>\n<\/div>\n\n\n\n<div class=\"wp-block-column\">\n<ul><li>&nbsp;Asesoramos en la reestructuraci\u00f3n de deuda de <strong>Metrogas<\/strong>, llevada a cabo a trav\u00e9s de un Acuerdo Preventivo Extrajudicial, por un monto de aproximadamente US$ 430 millones, y en la reestructuraci\u00f3n de deuda de <strong>GASA<\/strong> (compa\u00f1\u00eda controlante de Metrogas).<\/li><\/ul>\n\n\n\n<ul><li>Asesoramos en las reestructuraciones de deuda de <strong>Arte Gr\u00e1fico Editorial Argentino y AGR (diario Clar\u00edn)<\/strong> por un monto de aproximadamente US$ 400 millones.<\/li><\/ul>\n\n\n\n<ul><li>Asesoramos en la reestructuraci\u00f3n de deuda de <strong>Transportadora de Gas del Norte<\/strong> por un monto de aproximadamente US$ 350 millones.<\/li><\/ul>\n\n\n\n<ul><li>Asesoramos en la reestructuraci\u00f3n de deuda de <strong>CIESA<\/strong> (compa\u00f1\u00eda controlante de Transportadora de Gas del Sur) por un monto de aproximadamente US$ 330 millones.<\/li><\/ul>\n\n\n\n<ul><li>Asesoramos a los <strong>acreedores en la reestructuraci\u00f3n de deuda de Acindar<\/strong>, llevada a cabo a trav\u00e9s de un Acuerdo Preventivo Extrajudicial, por un monto de aproximadamente US$ 250 millones.<\/li><\/ul>\n\n\n\n<ul><li>Asesoramos en la reestructuraci\u00f3n de deuda de <strong>Inversora El\u00e9ctrica de Buenos Aires<\/strong> (compa\u00f1\u00eda controlante de Empresa Distribuidora de Energ\u00eda Atl\u00e1ntica), llevada a cabo a trav\u00e9s de un Acuerdo Preventivo Extrajudicial, por un monto de aproximadamente US$ 130 millones, el cual obtuvo el respaldo de m\u00e1s del 90% de los acreedores y el reconocimiento en los Estados Unidos a trav\u00e9s del procedimiento del <em>Chapter 15.<\/em><\/li><\/ul>\n\n\n\n<ul><li>Asesoramos en la reestructuraci\u00f3n de deuda del proyecto <strong><em>\u201c<\/em>Renoir II Real Estate\u201d<\/strong> por un monto de aproximadamente US$ 90 millones, siendo la primera reestructuraci\u00f3n de deuda de un proyecto de <em>real estate<\/em> llevada a cabo a trav\u00e9s un Acuerdo Preventivo Extrajudicial.<\/li><\/ul>\n<\/div>\n<\/div>\n","protected":false},"excerpt":{"rendered":"<p>Asesoramos a la Rep\u00fablica Argentina en su proceso reestructuraci\u00f3n de deuda con los holdouts, mediante la colocaci\u00f3n internacional de bonos soberanos por m\u00e1s de US$ 16 mil millones, transacci\u00f3n que fue reconocida en 2016 como \u201cGlobal Finance Deal of the Year Award\u201d en The American Lawyer. Asesoramos en la reestructuraci\u00f3n de deuda de Telecom Argentina, &hellip; <a href=\"http:\/\/www.egfa.com.ar\/es\/transacciones\/reestructuracion-de-deuda\/\" class=\"more-link\">Continue reading <span class=\"screen-reader-text\">REESTRUCTURACIONES DE DEUDA<\/span><\/a><\/p>\n","protected":false},"author":1,"featured_media":2765,"parent":2937,"menu_order":2,"comment_status":"closed","ping_status":"closed","template":"","meta":[],"_links":{"self":[{"href":"http:\/\/www.egfa.com.ar\/es\/wp-json\/wp\/v2\/pages\/1949"}],"collection":[{"href":"http:\/\/www.egfa.com.ar\/es\/wp-json\/wp\/v2\/pages"}],"about":[{"href":"http:\/\/www.egfa.com.ar\/es\/wp-json\/wp\/v2\/types\/page"}],"author":[{"embeddable":true,"href":"http:\/\/www.egfa.com.ar\/es\/wp-json\/wp\/v2\/users\/1"}],"replies":[{"embeddable":true,"href":"http:\/\/www.egfa.com.ar\/es\/wp-json\/wp\/v2\/comments?post=1949"}],"version-history":[{"count":3,"href":"http:\/\/www.egfa.com.ar\/es\/wp-json\/wp\/v2\/pages\/1949\/revisions"}],"predecessor-version":[{"id":3245,"href":"http:\/\/www.egfa.com.ar\/es\/wp-json\/wp\/v2\/pages\/1949\/revisions\/3245"}],"up":[{"embeddable":true,"href":"http:\/\/www.egfa.com.ar\/es\/wp-json\/wp\/v2\/pages\/2937"}],"wp:featuredmedia":[{"embeddable":true,"href":"http:\/\/www.egfa.com.ar\/es\/wp-json\/wp\/v2\/media\/2765"}],"wp:attachment":[{"href":"http:\/\/www.egfa.com.ar\/es\/wp-json\/wp\/v2\/media?parent=1949"}],"curies":[{"name":"wp","href":"https:\/\/api.w.org\/{rel}","templated":true}]}}