{"id":1857,"date":"2019-09-27T15:04:22","date_gmt":"2019-09-27T15:04:22","guid":{"rendered":"http:\/\/www.egfa.com.ar\/?page_id=1857"},"modified":"2020-09-14T12:27:25","modified_gmt":"2020-09-14T15:27:25","slug":"reestructuraciones-de-deuda","status":"publish","type":"page","link":"http:\/\/www.egfa.com.ar\/es\/areas-de-practica\/reestructuraciones-de-deuda\/","title":{"rendered":"REESTRUCTURACIONES DE DEUDA"},"content":{"rendered":"\n<div class=\"wp-block-columns\">\n<div class=\"wp-block-column\" style=\"flex-basis:66.66%\">\n<p><span style=\"margin-bottom: 20px;\">Somos el estudio jur\u00eddico l\u00edder en reestructuraciones de deuda, habiendo participado en las principales transacciones de dicha pr\u00e1ctica en el pa\u00eds en los \u00faltimos 15 a\u00f1os, especialmente en aquellas realizadas a trav\u00e9s de Acuerdos Preventivos Extrajudiciales (APEs). Nuestros socios llevaron a cabo el primer APE realizado en Argentina en la reestructuraci\u00f3n de deuda financiera de Multicanal (mayor proveedor de servicios de televisi\u00f3n por cable e internet) por un monto de aproximadamente US$500 millones.<\/span><\/p>\n<p>Hemos asesorado en las reestructuraciones de deuda de Arte Gr\u00e1fico Editorial Argentino y AGR (diario Clar\u00edn) (m\u00e1s de US$400 millones), Autopistas del Sol (m\u00e1s de US$500 millones), Transener (compa\u00f1\u00eda de transporte de energ\u00eda m\u00e1s grande) (m\u00e1s de US$540 millones), CIESA (compa\u00f1\u00eda controladora de Transportadora Gas del Sur, compa\u00f1\u00eda de transporte de gas m\u00e1s grande) (US$330 millones), GASA (compa\u00f1\u00eda controladora de Metrogas, compa\u00f1\u00eda de distribuci\u00f3n de gas m\u00e1s grande), Transportadora Gas del Sur (m\u00e1s de US$1 mil millones), Transportadora Gas del Norte (US$350 millones), Metrogas (m\u00e1s de US$435 millones), Telecom Argentina (US$2,7 mil millones), Cablevisi\u00f3n (US$790 millones), Edenor (US$490 millones), entre otras.<\/p>\n<p>En los \u00faltimos a\u00f1os hemos reestructurado el proyecto Renoir II Real Estate de Puerto Madero (por un monto aproximado de US$90 millones), el primero llevado a cabo mediante un APE, y hemos tambi\u00e9n representado a Inversora El\u00e9ctrica de Buenos Aires (compa\u00f1\u00eda controladora de Empresa Distribuidora Atl\u00e1ntica, una de las principales compa\u00f1\u00eda de distribuci\u00f3n el\u00e9ctrica de la provincia de Buenos Aires) en su exitoso APE (por aproximadamente US$135 millones), el cual obtuvo el respaldo de m\u00e1s del 90% de los acreedores y el reconocimiento en los Estados Unidos a trav\u00e9s del procedimiento del<em> Chapter 15<\/em>.<\/p>\n<p>Nuestros socios han participado en procedimientos destacados de insolvencia, concursos y quiebras, litigando tanto en Argentina como en Nueva York.<\/p>\n<p>Respecto al sector p\u00fablico, hemos asesorado al Gobierno Argentino en la negociaci\u00f3n con los <em>holdouts<\/em>, transacci\u00f3n que fue reconocida como <em>Global Finance Deal of the Year Award<\/em> en The American Lawyer.<\/p>\n<p><strong>Contactos:<br><\/strong>Baruki Gonz\u00e1lez: <a href=\"mailto:baruki.gonzalez@egfa.com.ar\">baruki.gonzalez@egfa.com.ar.<\/a><br>Saturnino J. Funes: <a href=\"mailto:saturnino.funes@egfa.com.ar\">saturnino.funes@egfa.com.ar.<\/a><\/p>\n<\/div>\n\n\n\n<div class=\"wp-block-column\" style=\"flex-basis:33.33%\">\n<div class=\"wp-block-image\"><figure class=\"aligncenter size-large\"><img loading=\"lazy\" width=\"400\" height=\"352\" src=\"http:\/\/localhost\/wp-content\/uploads\/2019\/09\/reestructuracion-deuda.jpg\" alt=\"\" class=\"wp-image-1865\" srcset=\"http:\/\/www.egfa.com.ar\/wp-content\/uploads\/2019\/09\/reestructuracion-deuda.jpg 400w, http:\/\/www.egfa.com.ar\/wp-content\/uploads\/2019\/09\/reestructuracion-deuda-300x264.jpg 300w\" sizes=\"(max-width: 400px) 100vw, 400px\" \/><\/figure><\/div>\n<\/div>\n<\/div>\n","protected":false},"excerpt":{"rendered":"<p>Somos el estudio jur\u00eddico l\u00edder en reestructuraciones de deuda, habiendo participado en las principales transacciones de dicha pr\u00e1ctica en el pa\u00eds en los \u00faltimos 15 a\u00f1os, especialmente en aquellas realizadas a trav\u00e9s de Acuerdos Preventivos Extrajudiciales (APEs). Nuestros socios llevaron a cabo el primer APE realizado en Argentina en la reestructuraci\u00f3n de deuda financiera de &hellip; <a href=\"http:\/\/www.egfa.com.ar\/es\/areas-de-practica\/reestructuraciones-de-deuda\/\" class=\"more-link\">Continue reading <span class=\"screen-reader-text\">REESTRUCTURACIONES DE DEUDA<\/span><\/a><\/p>\n","protected":false},"author":1,"featured_media":2765,"parent":999,"menu_order":2,"comment_status":"closed","ping_status":"closed","template":"","meta":[],"_links":{"self":[{"href":"http:\/\/www.egfa.com.ar\/es\/wp-json\/wp\/v2\/pages\/1857"}],"collection":[{"href":"http:\/\/www.egfa.com.ar\/es\/wp-json\/wp\/v2\/pages"}],"about":[{"href":"http:\/\/www.egfa.com.ar\/es\/wp-json\/wp\/v2\/types\/page"}],"author":[{"embeddable":true,"href":"http:\/\/www.egfa.com.ar\/es\/wp-json\/wp\/v2\/users\/1"}],"replies":[{"embeddable":true,"href":"http:\/\/www.egfa.com.ar\/es\/wp-json\/wp\/v2\/comments?post=1857"}],"version-history":[{"count":3,"href":"http:\/\/www.egfa.com.ar\/es\/wp-json\/wp\/v2\/pages\/1857\/revisions"}],"predecessor-version":[{"id":3238,"href":"http:\/\/www.egfa.com.ar\/es\/wp-json\/wp\/v2\/pages\/1857\/revisions\/3238"}],"up":[{"embeddable":true,"href":"http:\/\/www.egfa.com.ar\/es\/wp-json\/wp\/v2\/pages\/999"}],"wp:featuredmedia":[{"embeddable":true,"href":"http:\/\/www.egfa.com.ar\/es\/wp-json\/wp\/v2\/media\/2765"}],"wp:attachment":[{"href":"http:\/\/www.egfa.com.ar\/es\/wp-json\/wp\/v2\/media?parent=1857"}],"curies":[{"name":"wp","href":"https:\/\/api.w.org\/{rel}","templated":true}]}}