{"id":1844,"date":"2019-09-26T19:16:15","date_gmt":"2019-09-26T19:16:15","guid":{"rendered":"http:\/\/www.egfa.com.ar\/?page_id=1844"},"modified":"2020-09-14T12:22:12","modified_gmt":"2020-09-14T15:22:12","slug":"compliance-y-cuestiones-regulatorias","status":"publish","type":"page","link":"http:\/\/www.egfa.com.ar\/es\/areas-de-practica\/compliance-y-cuestiones-regulatorias\/","title":{"rendered":"COMPLIANCE Y CUESTIONES REGULATORIAS"},"content":{"rendered":"\n<div class=\"wp-block-columns\">\n<div class=\"wp-block-column\" style=\"flex-basis:66.66%\">\n<p><span style=\"margin-bottom: 20px;\">En virtud de representar a muchas de las compa\u00f1\u00edas y entidades financieras reguladas m\u00e1s importantes de Argentina, hemos desarrollado un <em>expertise<\/em> \u00fanico en el asesoramiento a nuestros clientes en el cumplimiento de los marcos normativos, locales e internacionales, de buen gobierno corporativo, ambientales, de protecci\u00f3n de defensa del consumidor, antilavado de dinero, \u201c<em>Know Your Customer<\/em>\u201d, entre otras, as\u00ed como en el desarrollo de pol\u00edticas corporativas propias.<\/span><\/p>\n<p>En ese sentido, representamos a nuestros clientes ante las principales entidades reguladoras de nuestro pa\u00eds tales como el Ente Nacional Regulador de la Electricidad (ENRE), el Organismo de Control de Energ\u00eda El\u00e9ctrica de la Provincia de Buenos Aires (OCEBA), el Ente Nacional Regulador del Gas (ENARGAS), el Ente Nacional de Comunicaciones (ENACOM), el Banco Central de la Rep\u00fablica Argentina (BCRA), la Comisi\u00f3n Nacional de Valores (CNV), la Comisi\u00f3n Nacional de Defensa de la Competencia (CNDC), la Superintendencia de Seguros de la Naci\u00f3n (SSN), la Unidad de Informaci\u00f3n Financiera (UIF), el Mercado Abierto Electr\u00f3nico (MAE), Bolsas y Mercados Argentinos (BYMA), la Inspecci\u00f3n General de Justicia (IGJ), entre otros.<\/p>\n<p><strong>Contactos:<\/strong><br>Baruki Gonz\u00e1lez: <a href=\"mailto:baruki.gonzalez@egfa.com.ar\">baruki.gonzalez@egfa.com.ar<\/a><a href=\"mailto:baruki.gonzalez@egfa.com.ar\">.<\/a><br>Saturnino J. Funes: <a href=\"mailto:saturnino.funes@egfa.com.ar\">saturnino.funes@egfa.com.ar<\/a>.<\/p>\n<p><\/p>\n<\/div>\n\n\n\n<div class=\"wp-block-column\" style=\"flex-basis:33.33%\">\n<div class=\"wp-block-image\"><figure class=\"aligncenter size-large\"><img loading=\"lazy\" width=\"400\" height=\"352\" src=\"http:\/\/localhost\/wp-content\/uploads\/2019\/09\/compliance.jpg\" alt=\"\" class=\"wp-image-1849\" srcset=\"http:\/\/www.egfa.com.ar\/wp-content\/uploads\/2019\/09\/compliance.jpg 400w, http:\/\/www.egfa.com.ar\/wp-content\/uploads\/2019\/09\/compliance-300x264.jpg 300w\" sizes=\"(max-width: 400px) 100vw, 400px\" \/><\/figure><\/div>\n<\/div>\n<\/div>\n","protected":false},"excerpt":{"rendered":"<p>En virtud de representar a muchas de las compa\u00f1\u00edas y entidades financieras reguladas m\u00e1s importantes de Argentina, hemos desarrollado un expertise \u00fanico en el asesoramiento a nuestros clientes en el cumplimiento de los marcos normativos, locales e internacionales, de buen gobierno corporativo, ambientales, de protecci\u00f3n de defensa del consumidor, antilavado de dinero, \u201cKnow Your Customer\u201d, &hellip; <a href=\"http:\/\/www.egfa.com.ar\/es\/areas-de-practica\/compliance-y-cuestiones-regulatorias\/\" class=\"more-link\">Continue reading <span class=\"screen-reader-text\">COMPLIANCE Y CUESTIONES REGULATORIAS<\/span><\/a><\/p>\n","protected":false},"author":1,"featured_media":2765,"parent":999,"menu_order":2,"comment_status":"closed","ping_status":"closed","template":"","meta":[],"_links":{"self":[{"href":"http:\/\/www.egfa.com.ar\/es\/wp-json\/wp\/v2\/pages\/1844"}],"collection":[{"href":"http:\/\/www.egfa.com.ar\/es\/wp-json\/wp\/v2\/pages"}],"about":[{"href":"http:\/\/www.egfa.com.ar\/es\/wp-json\/wp\/v2\/types\/page"}],"author":[{"embeddable":true,"href":"http:\/\/www.egfa.com.ar\/es\/wp-json\/wp\/v2\/users\/1"}],"replies":[{"embeddable":true,"href":"http:\/\/www.egfa.com.ar\/es\/wp-json\/wp\/v2\/comments?post=1844"}],"version-history":[{"count":2,"href":"http:\/\/www.egfa.com.ar\/es\/wp-json\/wp\/v2\/pages\/1844\/revisions"}],"predecessor-version":[{"id":2860,"href":"http:\/\/www.egfa.com.ar\/es\/wp-json\/wp\/v2\/pages\/1844\/revisions\/2860"}],"up":[{"embeddable":true,"href":"http:\/\/www.egfa.com.ar\/es\/wp-json\/wp\/v2\/pages\/999"}],"wp:featuredmedia":[{"embeddable":true,"href":"http:\/\/www.egfa.com.ar\/es\/wp-json\/wp\/v2\/media\/2765"}],"wp:attachment":[{"href":"http:\/\/www.egfa.com.ar\/es\/wp-json\/wp\/v2\/media?parent=1844"}],"curies":[{"name":"wp","href":"https:\/\/api.w.org\/{rel}","templated":true}]}}