{"id":1826,"date":"2019-09-26T18:45:32","date_gmt":"2019-09-26T18:45:32","guid":{"rendered":"http:\/\/www.egfa.com.ar\/?page_id=1826"},"modified":"2025-03-06T16:55:29","modified_gmt":"2025-03-06T19:55:29","slug":"mercado-de-capitales","status":"publish","type":"page","link":"http:\/\/www.egfa.com.ar\/es\/areas-de-practica\/mercado-de-capitales\/","title":{"rendered":"MERCADO DE CAPITALES"},"content":{"rendered":"\n<div class=\"wp-block-columns\">\n<div class=\"wp-block-column\" style=\"flex-basis:66.66%\">\n<p><span style=\"margin-bottom: 20px;\">Somos el estudio jur\u00eddico l\u00edder en Argentina en transacciones de mercados de capitales, habiendo representado a emisores de las m\u00e1s variadas industrias, organizadores, colocadores y <em>underwriters<\/em> en muchas de las transacciones m\u00e1s importantes realizadas en los mercados de capitales locales e internacionales.<\/span><\/p>\n<p>En el 2016 asesoramos al Gobierno Argentino en la emisi\u00f3n de sus bonos soberanos por m\u00e1s de U$S 16 mil millones, habiendo obtenido el <em>Global Finance Deal of the Year Award<\/em> en The American Lawyer, y, posteriormente, en la emisi\u00f3n de su bono centenario.<\/p>\n<p>En el \u00faltimo tiempo, hemos asesorado a las principales entidades financieras internacionales que lideraron las operaciones de mercado de capitales y de pr\u00e9stamos bancarios que marcaron el regreso de Argentina a los mercados: Goldman Sachs, Chase, JP Morgan, Morgan Stanley, UBS, BOFA Merrill Lynch, Citibank, Credit Suisse, Deutsche Bank, Nomura, Banco Ita\u00fa, IFC e IDB.<\/p>\n<p>Nuestros socios han participado en la mayor\u00eda de las transacciones m\u00e1s importantes que involucran a emisores del sector p\u00fablico y privado argentino en los \u00faltimos 20 a\u00f1os.<\/p>\n<p><strong>Contactos<\/strong>:<br \/>Baruki Gonz\u00e1lez: <a href=\"mailto:baruki.gonzalez@egfa.com.ar\">baruki.gonzalez@egfa.com.ar<\/a>.<br \/>Carolina Curzi: <a href=\"mailto:carolina.curzi@egfa.com.ar\">carolina.curzi@egfa.com.ar<\/a>.<\/p>\n<\/div>\n\n\n\n<div class=\"wp-block-column\" style=\"flex-basis:33.33%\">\n<div class=\"wp-block-image\"><figure class=\"aligncenter size-large\"><img loading=\"lazy\" width=\"400\" height=\"352\" src=\"http:\/\/localhost\/wp-content\/uploads\/2019\/09\/mercado-capitales2.jpg\" alt=\"\" class=\"wp-image-1839\" srcset=\"http:\/\/www.egfa.com.ar\/wp-content\/uploads\/2019\/09\/mercado-capitales2.jpg 400w, http:\/\/www.egfa.com.ar\/wp-content\/uploads\/2019\/09\/mercado-capitales2-300x264.jpg 300w\" sizes=\"(max-width: 400px) 100vw, 400px\" \/><\/figure><\/div>\n<\/div>\n<\/div>\n","protected":false},"excerpt":{"rendered":"<p>Somos el estudio jur\u00eddico l\u00edder en Argentina en transacciones de mercados de capitales, habiendo representado a emisores de las m\u00e1s variadas industrias, organizadores, colocadores y underwriters en muchas de las transacciones m\u00e1s importantes realizadas en los mercados de capitales locales e internacionales. En el 2016 asesoramos al Gobierno Argentino en la emisi\u00f3n de sus bonos &hellip; <a href=\"http:\/\/www.egfa.com.ar\/es\/areas-de-practica\/mercado-de-capitales\/\" class=\"more-link\">Continue reading <span class=\"screen-reader-text\">MERCADO DE CAPITALES<\/span><\/a><\/p>\n","protected":false},"author":1,"featured_media":2765,"parent":999,"menu_order":2,"comment_status":"closed","ping_status":"closed","template":"","meta":[],"_links":{"self":[{"href":"http:\/\/www.egfa.com.ar\/es\/wp-json\/wp\/v2\/pages\/1826"}],"collection":[{"href":"http:\/\/www.egfa.com.ar\/es\/wp-json\/wp\/v2\/pages"}],"about":[{"href":"http:\/\/www.egfa.com.ar\/es\/wp-json\/wp\/v2\/types\/page"}],"author":[{"embeddable":true,"href":"http:\/\/www.egfa.com.ar\/es\/wp-json\/wp\/v2\/users\/1"}],"replies":[{"embeddable":true,"href":"http:\/\/www.egfa.com.ar\/es\/wp-json\/wp\/v2\/comments?post=1826"}],"version-history":[{"count":4,"href":"http:\/\/www.egfa.com.ar\/es\/wp-json\/wp\/v2\/pages\/1826\/revisions"}],"predecessor-version":[{"id":3328,"href":"http:\/\/www.egfa.com.ar\/es\/wp-json\/wp\/v2\/pages\/1826\/revisions\/3328"}],"up":[{"embeddable":true,"href":"http:\/\/www.egfa.com.ar\/es\/wp-json\/wp\/v2\/pages\/999"}],"wp:featuredmedia":[{"embeddable":true,"href":"http:\/\/www.egfa.com.ar\/es\/wp-json\/wp\/v2\/media\/2765"}],"wp:attachment":[{"href":"http:\/\/www.egfa.com.ar\/es\/wp-json\/wp\/v2\/media?parent=1826"}],"curies":[{"name":"wp","href":"https:\/\/api.w.org\/{rel}","templated":true}]}}