{"id":1791,"date":"2019-09-25T19:28:50","date_gmt":"2019-09-25T19:28:50","guid":{"rendered":"http:\/\/www.egfa.com.ar\/?page_id=1791"},"modified":"2025-03-07T12:38:27","modified_gmt":"2025-03-07T15:38:27","slug":"derecho-bancario","status":"publish","type":"page","link":"http:\/\/www.egfa.com.ar\/es\/areas-de-practica\/derecho-bancario\/","title":{"rendered":"DERECHO BANCARIO"},"content":{"rendered":"\n<div class=\"wp-block-columns\">\n<div class=\"wp-block-column\" style=\"flex-basis:66.66%\">\n<p><span style=\"margin-bottom: 20px;\">Frecuentemente asesoramos a prestamistas, organizadores, <em>underwriters<\/em>, agentes colocadores, prestatarios y emisores de valores negociables en toda clase de transacciones financieras, incluyendo las m\u00e1s sofisticadas e innovadoras del mercado. Nuestros clientes incluyen empresas, entidades financieras, fondos de <em>private equity y hedge funds<\/em>.<\/span><\/p>\n<p>Entre las soluciones que brindamos a nuestros clientes, los asesoramos en pr\u00e9stamos bilaterales y sindicados, colocaciones privadas de acciones, ofertas p\u00fablicas y privadas de t\u00edtulos de deuda, incluyendo transacciones internacionales bajo la <em>U.S. Rule 144A\/Regulation S<\/em>, ofertas p\u00fablicas iniciales de acciones, incluyendo transacciones internacionales registradas bajo la <em>U.S. Securities Act of 1933<\/em>, financiaciones de adquisiciones y de proyectos inmobiliarios, derivados financieros, ofertas p\u00fablicas de adquisici\u00f3n de acciones (OPAs), leasings financieros y securitizaciones y financiamientos respaldados por activos.<\/p>\n<p>Asimismo, hemos asesorado clientes en la emisi\u00f3n y colocaci\u00f3n de bonos soberanos y sub-soberanos y otros financiamientos al sector p\u00fablico.<\/p>\n<p><strong>Contactos:<\/strong><br \/>Baruki Gonz\u00e1lez:\u00a0<a href=\"mailto:baruki.gonzalez@egfa.com.ar\">baruki.gonzalez@egfa.com.ar<\/a>.<br \/>Facundo Goslino: <a href=\"mailto:facundo.goslino@egfa.com.ar\">facundo.goslino@egfa.com.ar<\/a>.<\/p>\n<\/div>\n\n\n\n<div class=\"wp-block-column\" style=\"flex-basis:33.33%\">\n<div class=\"wp-block-image\"><figure class=\"aligncenter size-large\"><img loading=\"lazy\" width=\"397\" height=\"349\" src=\"http:\/\/localhost\/wp-content\/uploads\/2019\/09\/banking.jpg\" alt=\"\" class=\"wp-image-1836\" srcset=\"http:\/\/www.egfa.com.ar\/wp-content\/uploads\/2019\/09\/banking.jpg 397w, http:\/\/www.egfa.com.ar\/wp-content\/uploads\/2019\/09\/banking-300x264.jpg 300w\" sizes=\"(max-width: 397px) 100vw, 397px\" \/><\/figure><\/div>\n<\/div>\n<\/div>\n","protected":false},"excerpt":{"rendered":"<p>Frecuentemente asesoramos a prestamistas, organizadores, underwriters, agentes colocadores, prestatarios y emisores de valores negociables en toda clase de transacciones financieras, incluyendo las m\u00e1s sofisticadas e innovadoras del mercado. Nuestros clientes incluyen empresas, entidades financieras, fondos de private equity y hedge funds. Entre las soluciones que brindamos a nuestros clientes, los asesoramos en pr\u00e9stamos bilaterales y &hellip; <a href=\"http:\/\/www.egfa.com.ar\/es\/areas-de-practica\/derecho-bancario\/\" class=\"more-link\">Continue reading <span class=\"screen-reader-text\">DERECHO BANCARIO<\/span><\/a><\/p>\n","protected":false},"author":1,"featured_media":2765,"parent":999,"menu_order":2,"comment_status":"closed","ping_status":"closed","template":"","meta":[],"_links":{"self":[{"href":"http:\/\/www.egfa.com.ar\/es\/wp-json\/wp\/v2\/pages\/1791"}],"collection":[{"href":"http:\/\/www.egfa.com.ar\/es\/wp-json\/wp\/v2\/pages"}],"about":[{"href":"http:\/\/www.egfa.com.ar\/es\/wp-json\/wp\/v2\/types\/page"}],"author":[{"embeddable":true,"href":"http:\/\/www.egfa.com.ar\/es\/wp-json\/wp\/v2\/users\/1"}],"replies":[{"embeddable":true,"href":"http:\/\/www.egfa.com.ar\/es\/wp-json\/wp\/v2\/comments?post=1791"}],"version-history":[{"count":3,"href":"http:\/\/www.egfa.com.ar\/es\/wp-json\/wp\/v2\/pages\/1791\/revisions"}],"predecessor-version":[{"id":3347,"href":"http:\/\/www.egfa.com.ar\/es\/wp-json\/wp\/v2\/pages\/1791\/revisions\/3347"}],"up":[{"embeddable":true,"href":"http:\/\/www.egfa.com.ar\/es\/wp-json\/wp\/v2\/pages\/999"}],"wp:featuredmedia":[{"embeddable":true,"href":"http:\/\/www.egfa.com.ar\/es\/wp-json\/wp\/v2\/media\/2765"}],"wp:attachment":[{"href":"http:\/\/www.egfa.com.ar\/es\/wp-json\/wp\/v2\/media?parent=1791"}],"curies":[{"name":"wp","href":"https:\/\/api.w.org\/{rel}","templated":true}]}}