{"id":1733,"date":"2019-09-24T17:09:22","date_gmt":"2019-09-24T17:09:22","guid":{"rendered":"http:\/\/www.egfa.com.ar\/?page_id=1733"},"modified":"2020-09-14T11:10:24","modified_gmt":"2020-09-14T14:10:24","slug":"ximena-digon","status":"publish","type":"page","link":"http:\/\/www.egfa.com.ar\/es\/nuestra-firma\/socios\/ximena-digon\/","title":{"rendered":"XIMENA DIG\u00d3N"},"content":{"rendered":"\n<div class=\"wp-block-columns\">\n<div class=\"wp-block-column\" style=\"flex-basis:33.33%\">\n<div class=\"wp-block-image\"><figure class=\"aligncenter size-large\"><img loading=\"lazy\" width=\"379\" height=\"473\" src=\"http:\/\/localhost\/wp-content\/uploads\/2018\/09\/Ximena-Digon.jpg\" alt=\"\" class=\"wp-image-1241\" srcset=\"http:\/\/www.egfa.com.ar\/wp-content\/uploads\/2018\/09\/Ximena-Digon.jpg 379w, http:\/\/www.egfa.com.ar\/wp-content\/uploads\/2018\/09\/Ximena-Digon-240x300.jpg 240w\" sizes=\"(max-width: 379px) 100vw, 379px\" \/><\/figure><\/div>\n<\/div>\n\n\n\n<div class=\"wp-block-column\" style=\"flex-basis:66.66%\">\n<p style=\"text-align: left;\">Se recibi\u00f3 de abogada, con honores, en la Universidad Cat\u00f3lica Argentina en 1998. Est\u00e1 matriculada en la Ciudad de Buenos Aires y es socia de EGFA Abogados desde 2014.<\/p>\n<p style=\"text-align: left;\">Se especializa en derecho bancario y mercado de capitales, fusiones y adquisiciones, <em>private equity<\/em> y reestructuraciones de deuda. Regularmente asesora a compa\u00f1\u00edas, entidades financieras, fondos de <em>private equity<\/em> y <em>hedge funds<\/em> en transacciones nacionales e internacionales.<\/p>\n<p style=\"text-align: left;\"><strong>Contacto<\/strong>: <a href=\"mailto:ximena.digon@egfa.com.ar\">ximena.digon@egfa.com.ar<\/a><\/p>\n<\/div>\n<\/div>\n","protected":false},"excerpt":{"rendered":"<p>Se recibi\u00f3 de abogada, con honores, en la Universidad Cat\u00f3lica Argentina en 1998. Est\u00e1 matriculada en la Ciudad de Buenos Aires y es socia de EGFA Abogados desde 2014. Se especializa en derecho bancario y mercado de capitales, fusiones y adquisiciones, private equity y reestructuraciones de deuda. Regularmente asesora a compa\u00f1\u00edas, entidades financieras, fondos de &hellip; <a href=\"http:\/\/www.egfa.com.ar\/es\/nuestra-firma\/socios\/ximena-digon\/\" class=\"more-link\">Continue reading <span class=\"screen-reader-text\">XIMENA DIG\u00d3N<\/span><\/a><\/p>\n","protected":false},"author":1,"featured_media":2765,"parent":1602,"menu_order":2,"comment_status":"closed","ping_status":"closed","template":"","meta":[],"_links":{"self":[{"href":"http:\/\/www.egfa.com.ar\/es\/wp-json\/wp\/v2\/pages\/1733"}],"collection":[{"href":"http:\/\/www.egfa.com.ar\/es\/wp-json\/wp\/v2\/pages"}],"about":[{"href":"http:\/\/www.egfa.com.ar\/es\/wp-json\/wp\/v2\/types\/page"}],"author":[{"embeddable":true,"href":"http:\/\/www.egfa.com.ar\/es\/wp-json\/wp\/v2\/users\/1"}],"replies":[{"embeddable":true,"href":"http:\/\/www.egfa.com.ar\/es\/wp-json\/wp\/v2\/comments?post=1733"}],"version-history":[{"count":4,"href":"http:\/\/www.egfa.com.ar\/es\/wp-json\/wp\/v2\/pages\/1733\/revisions"}],"predecessor-version":[{"id":3182,"href":"http:\/\/www.egfa.com.ar\/es\/wp-json\/wp\/v2\/pages\/1733\/revisions\/3182"}],"up":[{"embeddable":true,"href":"http:\/\/www.egfa.com.ar\/es\/wp-json\/wp\/v2\/pages\/1602"}],"wp:featuredmedia":[{"embeddable":true,"href":"http:\/\/www.egfa.com.ar\/es\/wp-json\/wp\/v2\/media\/2765"}],"wp:attachment":[{"href":"http:\/\/www.egfa.com.ar\/es\/wp-json\/wp\/v2\/media?parent=1733"}],"curies":[{"name":"wp","href":"https:\/\/api.w.org\/{rel}","templated":true}]}}