{"id":1729,"date":"2019-09-24T16:58:26","date_gmt":"2019-09-24T16:58:26","guid":{"rendered":"http:\/\/www.egfa.com.ar\/?page_id=1729"},"modified":"2020-09-14T11:07:44","modified_gmt":"2020-09-14T14:07:44","slug":"saturnino-jorge-funes","status":"publish","type":"page","link":"http:\/\/www.egfa.com.ar\/es\/nuestra-firma\/socios\/saturnino-jorge-funes\/","title":{"rendered":"SATURNINO J. FUNES"},"content":{"rendered":"\n<div class=\"wp-block-columns\">\n<div class=\"wp-block-column\" style=\"flex-basis:33.33%\">\n<div class=\"wp-block-image\"><figure class=\"aligncenter size-large\"><img loading=\"lazy\" width=\"379\" height=\"473\" src=\"http:\/\/localhost\/wp-content\/uploads\/2018\/09\/Saturnino-Funes.jpg\" alt=\"\" class=\"wp-image-1234\" srcset=\"http:\/\/www.egfa.com.ar\/wp-content\/uploads\/2018\/09\/Saturnino-Funes.jpg 379w, http:\/\/www.egfa.com.ar\/wp-content\/uploads\/2018\/09\/Saturnino-Funes-240x300.jpg 240w\" sizes=\"(max-width: 379px) 100vw, 379px\" \/><\/figure><\/div>\n<\/div>\n\n\n\n<div class=\"wp-block-column\" style=\"flex-basis:66.66%\">\n<p style=\"text-align: left;\">Se recibi\u00f3 de abogado en la Universidad del Salvador en 1993. Obtuvo con honores una maestr\u00eda en derecho empresarial en la Universidad Austral en 1995 y el premio a la \u201cMejor Tesis\u201d. Trabaj\u00f3 como asociado extranjero en la oficina de San Francisco de Shearman &amp; Sterling durante 2000 y 2001. Est\u00e1 matriculado en la Ciudad de Buenos Aires y es socio fundador de EGFA Abogados.<\/p>\n<p style=\"text-align: left;\">Se especializa en fusiones y adquisiciones, reestructuraciones de deuda, <em>real estate<\/em>, mercado de capitales, <em>private equity<\/em>, <em>venture capital<\/em>, asuntos corporativos en general, y asuntos regulatorios y gubernamentales, y su pr\u00e1ctica profesional ha sido consistentemente destacada en los rankings de abogados de IFLR 1000, Chambers Latin America y The Legal 500 Latin America. Regularmente asesora a compa\u00f1\u00edas, entidades financieras, <em>hedge funds<\/em> y fondos de <em>private equity<\/em> en la estructuraci\u00f3n y ejecuci\u00f3n de sus transacciones e inversiones, habiendo asesorado en las transacciones m\u00e1s relevantes de la Argentina dentro de sus principales \u00e1reas de pr\u00e1ctica.<\/p>\n<p style=\"text-align: left;\"><strong>Contacto<\/strong>: <a href=\"mailto:saturnino.funes@egfa.com.ar \">saturnino.funes@egfa.com.ar <\/a><\/p>\n<\/div>\n<\/div>\n","protected":false},"excerpt":{"rendered":"<p>Se recibi\u00f3 de abogado en la Universidad del Salvador en 1993. Obtuvo con honores una maestr\u00eda en derecho empresarial en la Universidad Austral en 1995 y el premio a la \u201cMejor Tesis\u201d. Trabaj\u00f3 como asociado extranjero en la oficina de San Francisco de Shearman &amp; Sterling durante 2000 y 2001. Est\u00e1 matriculado en la Ciudad &hellip; <a href=\"http:\/\/www.egfa.com.ar\/es\/nuestra-firma\/socios\/saturnino-jorge-funes\/\" class=\"more-link\">Continue reading <span class=\"screen-reader-text\">SATURNINO J. FUNES<\/span><\/a><\/p>\n","protected":false},"author":1,"featured_media":2765,"parent":1602,"menu_order":2,"comment_status":"closed","ping_status":"closed","template":"","meta":[],"_links":{"self":[{"href":"http:\/\/www.egfa.com.ar\/es\/wp-json\/wp\/v2\/pages\/1729"}],"collection":[{"href":"http:\/\/www.egfa.com.ar\/es\/wp-json\/wp\/v2\/pages"}],"about":[{"href":"http:\/\/www.egfa.com.ar\/es\/wp-json\/wp\/v2\/types\/page"}],"author":[{"embeddable":true,"href":"http:\/\/www.egfa.com.ar\/es\/wp-json\/wp\/v2\/users\/1"}],"replies":[{"embeddable":true,"href":"http:\/\/www.egfa.com.ar\/es\/wp-json\/wp\/v2\/comments?post=1729"}],"version-history":[{"count":3,"href":"http:\/\/www.egfa.com.ar\/es\/wp-json\/wp\/v2\/pages\/1729\/revisions"}],"predecessor-version":[{"id":2908,"href":"http:\/\/www.egfa.com.ar\/es\/wp-json\/wp\/v2\/pages\/1729\/revisions\/2908"}],"up":[{"embeddable":true,"href":"http:\/\/www.egfa.com.ar\/es\/wp-json\/wp\/v2\/pages\/1602"}],"wp:featuredmedia":[{"embeddable":true,"href":"http:\/\/www.egfa.com.ar\/es\/wp-json\/wp\/v2\/media\/2765"}],"wp:attachment":[{"href":"http:\/\/www.egfa.com.ar\/es\/wp-json\/wp\/v2\/media?parent=1729"}],"curies":[{"name":"wp","href":"https:\/\/api.w.org\/{rel}","templated":true}]}}