{"id":959,"date":"2018-09-17T13:25:41","date_gmt":"2018-09-17T13:25:41","guid":{"rendered":"http:\/\/www.egfa.com.ar\/?page_id=959"},"modified":"2020-09-14T11:13:53","modified_gmt":"2020-09-14T14:13:53","slug":"nuestra-firma","status":"publish","type":"page","link":"http:\/\/www.egfa.com.ar\/en\/nuestra-firma\/","title":{"rendered":"OUR FIRM"},"content":{"rendered":"<div class=\"wp-block-columns\">\n<div class=\"wp-block-column\" style=\"flex-basis:66.66%\">\n<p class=\" translation-block\">We are a leading law firm in Argentina, as shown by the impressive record of landmark transactions we have handled since our inception in 2004. We focus in Mergers and Acquisitions, Capital Markets, Banking, Debt Restructuring, Private Equity, Antitrust, Energy and Natural Resources, Real Estate and Compliance practices.<\/p>\n<p>Our partners have an extensive experience in structuring and executingmost of the cross-border transactions involving Argentine parties or assets since 1990.<\/p>\n<p class=\" translation-block\">We have international standards, and we provide high quality services to a diversified portfolio of local and international clients, which include companies, financial institutions, private equity funds, hedge funds and high net worth individuals.<\/p>\n<p>Our law firm has been consistently recognized by Chambers & Partners, IFLR1000 and The Legal 500 Latin America, among other leading legal rankings.<\/p>\n<\/div>\n\n\n\n<div class=\"wp-block-column\" style=\"flex-basis:33.33%\">\n<figure class=\"wp-block-image size-large\"><img loading=\"lazy\" width=\"1024\" height=\"745\" src=\"http:\/\/localhost\/wp-content\/uploads\/2020\/07\/quienessomos-300x218-1-1024x745.jpg\" alt=\"\" class=\"wp-image-2881\" srcset=\"http:\/\/www.egfa.com.ar\/wp-content\/uploads\/2020\/07\/quienessomos-300x218-1-1024x745.jpg 1024w, http:\/\/www.egfa.com.ar\/wp-content\/uploads\/2020\/07\/quienessomos-300x218-1-300x218.jpg 300w, http:\/\/www.egfa.com.ar\/wp-content\/uploads\/2020\/07\/quienessomos-300x218-1-768x559.jpg 768w, http:\/\/www.egfa.com.ar\/wp-content\/uploads\/2020\/07\/quienessomos-300x218-1.jpg 1100w\" sizes=\"(max-width: 1024px) 100vw, 1024px\" \/><\/figure>\n<\/div>\n<\/div>","protected":false},"excerpt":{"rendered":"<p>Somos uno de los estudios jur\u00eddicos l\u00edderes en Argentina en las \u00e1reas de Fusiones y Adquisiciones, Mercado de Capitales, Derecho Bancario, Reestructuraciones de Deuda, Private Equity, Defensa de la Competencia, Energ\u00eda y Recursos Naturales, Real Estate y Compliance, tal como lo demuestra el historial de transacciones en las que hemos participado desde nuestra fundaci\u00f3n en &hellip; <a href=\"http:\/\/www.egfa.com.ar\/en\/nuestra-firma\/\" class=\"more-link\">Continue reading <span class=\"screen-reader-text\">OUR FIRM<\/span><\/a><\/p>","protected":false},"author":1,"featured_media":2765,"parent":0,"menu_order":1,"comment_status":"closed","ping_status":"closed","template":"100-width.php","meta":[],"_links":{"self":[{"href":"http:\/\/www.egfa.com.ar\/en\/wp-json\/wp\/v2\/pages\/959"}],"collection":[{"href":"http:\/\/www.egfa.com.ar\/en\/wp-json\/wp\/v2\/pages"}],"about":[{"href":"http:\/\/www.egfa.com.ar\/en\/wp-json\/wp\/v2\/types\/page"}],"author":[{"embeddable":true,"href":"http:\/\/www.egfa.com.ar\/en\/wp-json\/wp\/v2\/users\/1"}],"replies":[{"embeddable":true,"href":"http:\/\/www.egfa.com.ar\/en\/wp-json\/wp\/v2\/comments?post=959"}],"version-history":[{"count":1,"href":"http:\/\/www.egfa.com.ar\/en\/wp-json\/wp\/v2\/pages\/959\/revisions"}],"predecessor-version":[{"id":2882,"href":"http:\/\/www.egfa.com.ar\/en\/wp-json\/wp\/v2\/pages\/959\/revisions\/2882"}],"wp:featuredmedia":[{"embeddable":true,"href":"http:\/\/www.egfa.com.ar\/en\/wp-json\/wp\/v2\/media\/2765"}],"wp:attachment":[{"href":"http:\/\/www.egfa.com.ar\/en\/wp-json\/wp\/v2\/media?parent=959"}],"curies":[{"name":"wp","href":"https:\/\/api.w.org\/{rel}","templated":true}]}}