{"id":1885,"date":"2019-09-27T17:51:15","date_gmt":"2019-09-27T17:51:15","guid":{"rendered":"http:\/\/www.egfa.com.ar\/?page_id=1885"},"modified":"2025-03-06T16:57:42","modified_gmt":"2025-03-06T19:57:42","slug":"private-equity","status":"publish","type":"page","link":"http:\/\/www.egfa.com.ar\/en\/areas-de-practica\/private-equity\/","title":{"rendered":"PRIVATE EQUITY"},"content":{"rendered":"<div class=\"wp-block-columns\">\n<div class=\"wp-block-column\" style=\"flex-basis:66.66%\">\n<p class=\" translation-block\">In addition to representing many private equity funds in M&A transactions, we havea unique expertise in the setting up of domestic and international investment vehicles dedicated to invest in Argentine assets.<\/p>\n<p class=\" translation-block\">We have advised domestic and international investors in the creation of investments vehicles for the implementation of many of the private equity investments in Argentina. To this end, we have designed different structures to overcome legal, regulatory and tax restrictions that affect or make impracticable the acquisition of certain regulated companies by international investors.<\/p>\n<p class=\" translation-block\">We were responsible for the legal structuring and implementation of the first public equity investment fund ever to be placed by public offering in Argentina.<\/p>\n<p><strong>Contacts<\/strong>:<br \/>Baruki Gonz\u00e1lez: <a href=\"mailto:baruki.gonzalez@egfa.com.ar\">baruki.gonzalez@egfa.com.ar.<\/a><br \/>Saturnino J. Funes: <a href=\"mailto:saturnino.funes@egfa.com.ar\">saturnino.funes@egfa.com.ar<\/a>.<\/p>\n<\/div>\n\n\n\n<div class=\"wp-block-column\" style=\"flex-basis:33.33%\">\n<div class=\"wp-block-image\"><figure class=\"aligncenter size-large\"><img loading=\"lazy\" width=\"400\" height=\"352\" src=\"http:\/\/localhost\/wp-content\/uploads\/2019\/09\/private-equity.jpg\" alt=\"\" class=\"wp-image-1887\" srcset=\"http:\/\/www.egfa.com.ar\/wp-content\/uploads\/2019\/09\/private-equity.jpg 400w, http:\/\/www.egfa.com.ar\/wp-content\/uploads\/2019\/09\/private-equity-300x264.jpg 300w\" sizes=\"(max-width: 400px) 100vw, 400px\" \/><\/figure><\/div>\n<\/div>\n<\/div>\n\n\n\n<p><\/p>","protected":false},"excerpt":{"rendered":"<p>Adem\u00e1s de representar a fondos de private equity en transacciones de M&amp;A, somos l\u00edderes en el establecimiento de veh\u00edculos de inversi\u00f3n nacionales e internacionales dedicados a invertir en activos argentinos. Hemos asesorado a numerosos sponsors locales e internacionales en la formaci\u00f3n de veh\u00edculos de inversi\u00f3n colectiva para implementar inversiones de private equity en Argentina. A &hellip; <a href=\"http:\/\/www.egfa.com.ar\/en\/areas-de-practica\/private-equity\/\" class=\"more-link\">Continue reading <span class=\"screen-reader-text\">PRIVATE EQUITY<\/span><\/a><\/p>","protected":false},"author":1,"featured_media":2765,"parent":999,"menu_order":2,"comment_status":"closed","ping_status":"closed","template":"","meta":[],"_links":{"self":[{"href":"http:\/\/www.egfa.com.ar\/en\/wp-json\/wp\/v2\/pages\/1885"}],"collection":[{"href":"http:\/\/www.egfa.com.ar\/en\/wp-json\/wp\/v2\/pages"}],"about":[{"href":"http:\/\/www.egfa.com.ar\/en\/wp-json\/wp\/v2\/types\/page"}],"author":[{"embeddable":true,"href":"http:\/\/www.egfa.com.ar\/en\/wp-json\/wp\/v2\/users\/1"}],"replies":[{"embeddable":true,"href":"http:\/\/www.egfa.com.ar\/en\/wp-json\/wp\/v2\/comments?post=1885"}],"version-history":[{"count":4,"href":"http:\/\/www.egfa.com.ar\/en\/wp-json\/wp\/v2\/pages\/1885\/revisions"}],"predecessor-version":[{"id":3330,"href":"http:\/\/www.egfa.com.ar\/en\/wp-json\/wp\/v2\/pages\/1885\/revisions\/3330"}],"up":[{"embeddable":true,"href":"http:\/\/www.egfa.com.ar\/en\/wp-json\/wp\/v2\/pages\/999"}],"wp:featuredmedia":[{"embeddable":true,"href":"http:\/\/www.egfa.com.ar\/en\/wp-json\/wp\/v2\/media\/2765"}],"wp:attachment":[{"href":"http:\/\/www.egfa.com.ar\/en\/wp-json\/wp\/v2\/media?parent=1885"}],"curies":[{"name":"wp","href":"https:\/\/api.w.org\/{rel}","templated":true}]}}