{"id":1877,"date":"2019-09-27T17:36:00","date_gmt":"2019-09-27T17:36:00","guid":{"rendered":"http:\/\/www.egfa.com.ar\/?page_id=1877"},"modified":"2025-03-06T16:56:43","modified_gmt":"2025-03-06T19:56:43","slug":"fusiones-y-adquisiciones","status":"publish","type":"page","link":"http:\/\/www.egfa.com.ar\/en\/areas-de-practica\/fusiones-y-adquisiciones\/","title":{"rendered":"MERGERS & ACQUISITIONS"},"content":{"rendered":"<div class=\"wp-block-columns\">\n<div class=\"wp-block-column\" style=\"flex-basis:66.66%\">\n<p class=\" translation-block\">We have a leading practice in the acquisition and divestiture of regulated companies,representing companies, financial entities, private equity funds, hedge funds and high net worth individuals.<\/p>\n<p>Our firm has a recognised expertise in the development of acquisition structures for private equity capital funds and investments groups to comply with Argentine legal, regulatory and tax restrictions and limitations.<\/p>\n<p>We led the mergers and acquisitions of many of the main companies in the utilities, telecommunications and media industries as well as financial institutions.<\/p>\n<p>Our members have advised in many of the most important mergers and acquisitions transactions in Argentine in the last 20 years.<\/p>\n<p><strong>Contacts:<\/strong><br \/>Baruki Gonz\u00e1lez: <a href=\"mailto:baruki.gonzalez@egfa.com.ar\">baruki.gonzalez@egfa.com.ar.<\/a><br \/>Saturnino J. Funes: <a href=\"mailto:saturnino.funes@egfa.com.ar\">saturnino.funes@egfa.com.ar.<\/a><\/p>\n<\/div>\n\n\n\n<div class=\"wp-block-column\" style=\"flex-basis:33.33%\">\n<div class=\"wp-block-image\"><figure class=\"aligncenter size-large\"><img loading=\"lazy\" width=\"400\" height=\"352\" src=\"http:\/\/localhost\/wp-content\/uploads\/2019\/09\/fusiones.jpg\" alt=\"\" class=\"wp-image-1880\" srcset=\"http:\/\/www.egfa.com.ar\/wp-content\/uploads\/2019\/09\/fusiones.jpg 400w, http:\/\/www.egfa.com.ar\/wp-content\/uploads\/2019\/09\/fusiones-300x264.jpg 300w\" sizes=\"(max-width: 400px) 100vw, 400px\" \/><\/figure><\/div>\n<\/div>\n<\/div>","protected":false},"excerpt":{"rendered":"<p>Somos el estudio jur\u00eddico l\u00edder en fusiones y adquisiciones de compa\u00f1\u00edas reguladas, representando a empresas, entidades financieras, fondos de private equity, hedge funds e individuos de alto patrimonio. Nuestro estudio cuenta con una reconocida experiencia en el desarrollo de estructuras de adquisici\u00f3n para fondos de capital privado y grupos de inversi\u00f3n a fin de cumplir &hellip; <a href=\"http:\/\/www.egfa.com.ar\/en\/areas-de-practica\/fusiones-y-adquisiciones\/\" class=\"more-link\">Continue reading <span class=\"screen-reader-text\">MERGERS & ACQUISITIONS<\/span><\/a><\/p>","protected":false},"author":1,"featured_media":2765,"parent":999,"menu_order":2,"comment_status":"closed","ping_status":"closed","template":"","meta":[],"_links":{"self":[{"href":"http:\/\/www.egfa.com.ar\/en\/wp-json\/wp\/v2\/pages\/1877"}],"collection":[{"href":"http:\/\/www.egfa.com.ar\/en\/wp-json\/wp\/v2\/pages"}],"about":[{"href":"http:\/\/www.egfa.com.ar\/en\/wp-json\/wp\/v2\/types\/page"}],"author":[{"embeddable":true,"href":"http:\/\/www.egfa.com.ar\/en\/wp-json\/wp\/v2\/users\/1"}],"replies":[{"embeddable":true,"href":"http:\/\/www.egfa.com.ar\/en\/wp-json\/wp\/v2\/comments?post=1877"}],"version-history":[{"count":3,"href":"http:\/\/www.egfa.com.ar\/en\/wp-json\/wp\/v2\/pages\/1877\/revisions"}],"predecessor-version":[{"id":3329,"href":"http:\/\/www.egfa.com.ar\/en\/wp-json\/wp\/v2\/pages\/1877\/revisions\/3329"}],"up":[{"embeddable":true,"href":"http:\/\/www.egfa.com.ar\/en\/wp-json\/wp\/v2\/pages\/999"}],"wp:featuredmedia":[{"embeddable":true,"href":"http:\/\/www.egfa.com.ar\/en\/wp-json\/wp\/v2\/media\/2765"}],"wp:attachment":[{"href":"http:\/\/www.egfa.com.ar\/en\/wp-json\/wp\/v2\/media?parent=1877"}],"curies":[{"name":"wp","href":"https:\/\/api.w.org\/{rel}","templated":true}]}}