{"id":1872,"date":"2019-09-27T17:25:23","date_gmt":"2019-09-27T17:25:23","guid":{"rendered":"http:\/\/www.egfa.com.ar\/?page_id=1872"},"modified":"2020-09-14T12:43:03","modified_gmt":"2020-09-14T15:43:03","slug":"energia-y-recursos-naturales","status":"publish","type":"page","link":"http:\/\/www.egfa.com.ar\/en\/areas-de-practica\/energia-y-recursos-naturales\/","title":{"rendered":"ENERGY & NATURAL RESOURCES"},"content":{"rendered":"<div class=\"wp-block-columns\">\n<div class=\"wp-block-column\" style=\"flex-basis:66.66%\">\n<p><span style=\"margin-bottom: 20px;\">We are considered one of the leading business law firms in Argentina in energy and natural resources as our partners provide advice to the main energy and gas companies in the country in commercial and regulatory matters, mergers and acquisitions, renewable energy transactions and financing of projects, among others.<\/span><\/p>\n<p>We represent leading companies in the sector such as Empresa Distribuidora de Energ\u00eda Norte (EDEN), Empresa Distribuidora de Energ\u00eda Sur (EDES), Empresa Distribuidora de Electricidad de Salta (EDESA), Empresa Distribuidora la Plata (EDELAP), Empresa Distribuidora de Energ\u00eda Atl\u00e1ntica (EDEA), Camuzzi Gas del Sur, Camuzzi Gas Pampeana and Genneia, and investment funds that have investments in the main electricity and gas generation, transport and distribution companies in Argentina.<\/p>\n<p><strong>Contacts:<br><\/strong>Saturnino J. Funes: <a href=\"mailto:saturnino.funes@egfa.com.ar\">saturnino.funes@egfa.com.ar.<\/a><br>Facundo Goslino: <a href=\"mailto:facundo.goslino@egfa.com.ar\">facundo.goslino@egfa.com.ar.<\/a><\/p>\n<\/div>\n\n\n\n<div class=\"wp-block-column\" style=\"flex-basis:33.33%\">\n<div class=\"wp-block-image\"><figure class=\"aligncenter size-large\"><img src=\"http:\/\/localhost\/wp-content\/uploads\/2019\/09\/energia.jpg\" alt=\"\" class=\"wp-image-1875\"\/><\/figure><\/div>\n<\/div>\n<\/div>","protected":false},"excerpt":{"rendered":"<p>Somos consideradas una de las firmas de abogados de negocios l\u00edderes en Argentina en energ\u00eda y recursos naturales ya que nuestros socios brindan asesoramiento a las principales empresas energ\u00e9ticas del pa\u00eds en diversas cuestiones tales como asuntos comerciales y regulatorios, fusiones y adquisiciones, energ\u00edas renovables y financiaci\u00f3n de proyectos, entre otros. Representamos a empresas l\u00edderes &hellip; <a href=\"http:\/\/www.egfa.com.ar\/en\/areas-de-practica\/energia-y-recursos-naturales\/\" class=\"more-link\">Continue reading <span class=\"screen-reader-text\">ENERGY & NATURAL RESOURCES<\/span><\/a><\/p>","protected":false},"author":1,"featured_media":2765,"parent":999,"menu_order":2,"comment_status":"closed","ping_status":"closed","template":"","meta":[],"_links":{"self":[{"href":"http:\/\/www.egfa.com.ar\/en\/wp-json\/wp\/v2\/pages\/1872"}],"collection":[{"href":"http:\/\/www.egfa.com.ar\/en\/wp-json\/wp\/v2\/pages"}],"about":[{"href":"http:\/\/www.egfa.com.ar\/en\/wp-json\/wp\/v2\/types\/page"}],"author":[{"embeddable":true,"href":"http:\/\/www.egfa.com.ar\/en\/wp-json\/wp\/v2\/users\/1"}],"replies":[{"embeddable":true,"href":"http:\/\/www.egfa.com.ar\/en\/wp-json\/wp\/v2\/comments?post=1872"}],"version-history":[{"count":3,"href":"http:\/\/www.egfa.com.ar\/en\/wp-json\/wp\/v2\/pages\/1872\/revisions"}],"predecessor-version":[{"id":3240,"href":"http:\/\/www.egfa.com.ar\/en\/wp-json\/wp\/v2\/pages\/1872\/revisions\/3240"}],"up":[{"embeddable":true,"href":"http:\/\/www.egfa.com.ar\/en\/wp-json\/wp\/v2\/pages\/999"}],"wp:featuredmedia":[{"embeddable":true,"href":"http:\/\/www.egfa.com.ar\/en\/wp-json\/wp\/v2\/media\/2765"}],"wp:attachment":[{"href":"http:\/\/www.egfa.com.ar\/en\/wp-json\/wp\/v2\/media?parent=1872"}],"curies":[{"name":"wp","href":"https:\/\/api.w.org\/{rel}","templated":true}]}}