{"id":1857,"date":"2019-09-27T15:04:22","date_gmt":"2019-09-27T15:04:22","guid":{"rendered":"http:\/\/www.egfa.com.ar\/?page_id=1857"},"modified":"2020-09-14T12:27:25","modified_gmt":"2020-09-14T15:27:25","slug":"reestructuraciones-de-deuda","status":"publish","type":"page","link":"http:\/\/www.egfa.com.ar\/en\/areas-de-practica\/reestructuraciones-de-deuda\/","title":{"rendered":"DEBT REESTRUCTURING"},"content":{"rendered":"<div class=\"wp-block-columns\">\n<div class=\"wp-block-column\" style=\"flex-basis:66.66%\">\n<p><span style=\"margin-bottom: 20px;\">We have a unique expertise in debt restructurings, having advised in the main transactions in such areas during the last 15 years, especially in those made through pre-packaged insolvency plans (AcuerdosPreventivosExtrajudiciales or APEs)). Our partners developed the first APE agreement ever used in the restructuring of the financial debt of Multicanal (a major cable and internet service provider company) in an amount of approximately US$500 million.<\/span><\/p>\n<p>We advised in the debt restructurings of Arte Gr\u00e1fico EditorialArgentino and AGR (Clar\u00edn newspaper) (more than US$400 million), Autopistas del Sol (more than US$500 million), Transener(a major electricity transportation company) (more than US$540 million), CIESA (controlling company of Transportadora Gas del Sur, a major gas transportation company) (US$330 million), GASA (controlling company of Metrogas, a major gas distribution company), Transportadora Gas del Sur (more than US$1 billion), Transportadora Gas del Norte (US$350 million), Metrogas (more than US$435 million), Telecom Argentina (US$2,7 billion), Cablevisi\u00f3n (US$790 million), Edenor (US$490 million), among others.<\/p>\n<p class=\" translation-block\">In the last few years we restructured Renoir II Real State project in Puerto Madero (for an amount of approximately US$90 million), first one conducted through an APE, and represented InversoraEl\u00e9ctrica de Buenos Aires (controlling company of EmpresaDistribuidoraAtl\u00e1ntica, one of the main electricity distribution companies in the Province of Buenos Aires), in its successful APE (for approximately US$135 million)that obtained the support of more than 90% of the creditors, and recognition in the US through a Chapter 15 proceeding before the US Courts.<\/p>\n<p>We have led legal teams and participated in major litigation proceedings related to insolvency situations, litigated both in Argentina and in New York.<\/p>\n<p class=\" translation-block\">In public sector, we advised the Argentine Government in the final settlement with the holdouts, having achieved the Global Finance Deal of the Year Award from The American Lawyer.<\/p>\n<p><strong>Contacts:<br><\/strong>Baruki Gonz\u00e1lez: <a href=\"mailto:baruki.gonzalez@egfa.com.ar\">baruki.gonzalez@egfa.com.ar.<\/a><br>Saturnino J. Funes: <a href=\"mailto:saturnino.funes@egfa.com.ar\">saturnino.funes@egfa.com.ar.<\/a><\/p>\n<\/div>\n\n\n\n<div class=\"wp-block-column\" style=\"flex-basis:33.33%\">\n<div class=\"wp-block-image\"><figure class=\"aligncenter size-large\"><img loading=\"lazy\" width=\"400\" height=\"352\" src=\"http:\/\/localhost\/wp-content\/uploads\/2019\/09\/reestructuracion-deuda.jpg\" alt=\"\" class=\"wp-image-1865\" srcset=\"http:\/\/www.egfa.com.ar\/wp-content\/uploads\/2019\/09\/reestructuracion-deuda.jpg 400w, http:\/\/www.egfa.com.ar\/wp-content\/uploads\/2019\/09\/reestructuracion-deuda-300x264.jpg 300w\" sizes=\"(max-width: 400px) 100vw, 400px\" \/><\/figure><\/div>\n<\/div>\n<\/div>","protected":false},"excerpt":{"rendered":"<p>Somos el estudio jur\u00eddico l\u00edder en reestructuraciones de deuda, habiendo participado en las principales transacciones de dicha pr\u00e1ctica en el pa\u00eds en los \u00faltimos 15 a\u00f1os, especialmente en aquellas realizadas a trav\u00e9s de Acuerdos Preventivos Extrajudiciales (APEs). Nuestros socios llevaron a cabo el primer APE realizado en Argentina en la reestructuraci\u00f3n de deuda financiera de &hellip; <a href=\"http:\/\/www.egfa.com.ar\/en\/areas-de-practica\/reestructuraciones-de-deuda\/\" class=\"more-link\">Continue reading <span class=\"screen-reader-text\">DEBT REESTRUCTURING<\/span><\/a><\/p>","protected":false},"author":1,"featured_media":2765,"parent":999,"menu_order":2,"comment_status":"closed","ping_status":"closed","template":"","meta":[],"_links":{"self":[{"href":"http:\/\/www.egfa.com.ar\/en\/wp-json\/wp\/v2\/pages\/1857"}],"collection":[{"href":"http:\/\/www.egfa.com.ar\/en\/wp-json\/wp\/v2\/pages"}],"about":[{"href":"http:\/\/www.egfa.com.ar\/en\/wp-json\/wp\/v2\/types\/page"}],"author":[{"embeddable":true,"href":"http:\/\/www.egfa.com.ar\/en\/wp-json\/wp\/v2\/users\/1"}],"replies":[{"embeddable":true,"href":"http:\/\/www.egfa.com.ar\/en\/wp-json\/wp\/v2\/comments?post=1857"}],"version-history":[{"count":3,"href":"http:\/\/www.egfa.com.ar\/en\/wp-json\/wp\/v2\/pages\/1857\/revisions"}],"predecessor-version":[{"id":3238,"href":"http:\/\/www.egfa.com.ar\/en\/wp-json\/wp\/v2\/pages\/1857\/revisions\/3238"}],"up":[{"embeddable":true,"href":"http:\/\/www.egfa.com.ar\/en\/wp-json\/wp\/v2\/pages\/999"}],"wp:featuredmedia":[{"embeddable":true,"href":"http:\/\/www.egfa.com.ar\/en\/wp-json\/wp\/v2\/media\/2765"}],"wp:attachment":[{"href":"http:\/\/www.egfa.com.ar\/en\/wp-json\/wp\/v2\/media?parent=1857"}],"curies":[{"name":"wp","href":"https:\/\/api.w.org\/{rel}","templated":true}]}}