{"id":1731,"date":"2019-09-24T17:06:20","date_gmt":"2019-09-24T17:06:20","guid":{"rendered":"http:\/\/www.egfa.com.ar\/?page_id=1731"},"modified":"2020-09-14T11:05:31","modified_gmt":"2020-09-14T14:05:31","slug":"facundo-goslino","status":"publish","type":"page","link":"http:\/\/www.egfa.com.ar\/en\/nuestra-firma\/socios\/facundo-goslino\/","title":{"rendered":"FACUNDO GOSLINO"},"content":{"rendered":"<div class=\"wp-block-columns\">\n<div class=\"wp-block-column\" style=\"flex-basis:33.33%\">\n<div class=\"wp-block-image\"><figure class=\"aligncenter size-large\"><img loading=\"lazy\" width=\"379\" height=\"473\" src=\"http:\/\/localhost\/wp-content\/uploads\/2018\/09\/Facundo-Goslino.jpg\" alt=\"\" class=\"wp-image-1238\" srcset=\"http:\/\/www.egfa.com.ar\/wp-content\/uploads\/2018\/09\/Facundo-Goslino.jpg 379w, http:\/\/www.egfa.com.ar\/wp-content\/uploads\/2018\/09\/Facundo-Goslino-240x300.jpg 240w\" sizes=\"(max-width: 379px) 100vw, 379px\" \/><\/figure><\/div>\n<\/div>\n\n\n\n<div class=\"wp-block-column\" style=\"flex-basis:66.66%\">\n<p style=\"text-align: left;\">Facundo Goslino received a law degree, with honors, from the Universidad Cat\u00f3lica Argentina in 1998 and an LL.M. degree from Cornell Law School, New York, in 2003 (Cornell Fellowship). During 2006 he served as a foreign associate in the New York office of Cleary Gottlieb Steen & Hamilton. He is a partner at EGFA Abogados since 2012 and he is admitted to the practice of law in the City of Buenos Aires.<\/p>\n<p style=\"text-align: left;\" class=\" translation-block\">He specializes in banking and capital markets, mergers and acquisitions, private equity and debt restructurings. He regularly advises companies, financial entities, private equity funds and hedge funds, and high-net-worth, in both local and international transactions.He has been recognized as a leading lawyer in banking, capital markets and mergers and acquisitions by Chamber Global, Chambers Latin America, and IFLR1000.<\/p>\n<p style=\"text-align: left;\"><strong>Contact<\/strong>: <a href=\"mailto:facundo.goslino@egfa.com.ar\">facundo.goslino@egfa.com.ar<\/a><\/p>\n<\/div>\n<\/div>\n\n\n\n<p><\/p>","protected":false},"excerpt":{"rendered":"<p>Se recibi\u00f3 de abogado, con honores, en la Universidad Cat\u00f3lica Argentina en 1998. Obtuvo una maestr\u00eda en leyes (LL.M.) en Cornell Law School, Nueva York, en 2003 (fue becario de Cornell) y trabaj\u00f3 como asociado extranjero en la oficina de Nueva York de Cleary Gottlieb Steen &amp; Hamilton durante 2006. Est\u00e1 matriculado en la Ciudad &hellip; <a href=\"http:\/\/www.egfa.com.ar\/en\/nuestra-firma\/socios\/facundo-goslino\/\" class=\"more-link\">Continue reading <span class=\"screen-reader-text\">FACUNDO GOSLINO<\/span><\/a><\/p>","protected":false},"author":1,"featured_media":2765,"parent":1602,"menu_order":2,"comment_status":"closed","ping_status":"closed","template":"","meta":[],"_links":{"self":[{"href":"http:\/\/www.egfa.com.ar\/en\/wp-json\/wp\/v2\/pages\/1731"}],"collection":[{"href":"http:\/\/www.egfa.com.ar\/en\/wp-json\/wp\/v2\/pages"}],"about":[{"href":"http:\/\/www.egfa.com.ar\/en\/wp-json\/wp\/v2\/types\/page"}],"author":[{"embeddable":true,"href":"http:\/\/www.egfa.com.ar\/en\/wp-json\/wp\/v2\/users\/1"}],"replies":[{"embeddable":true,"href":"http:\/\/www.egfa.com.ar\/en\/wp-json\/wp\/v2\/comments?post=1731"}],"version-history":[{"count":2,"href":"http:\/\/www.egfa.com.ar\/en\/wp-json\/wp\/v2\/pages\/1731\/revisions"}],"predecessor-version":[{"id":2909,"href":"http:\/\/www.egfa.com.ar\/en\/wp-json\/wp\/v2\/pages\/1731\/revisions\/2909"}],"up":[{"embeddable":true,"href":"http:\/\/www.egfa.com.ar\/en\/wp-json\/wp\/v2\/pages\/1602"}],"wp:featuredmedia":[{"embeddable":true,"href":"http:\/\/www.egfa.com.ar\/en\/wp-json\/wp\/v2\/media\/2765"}],"wp:attachment":[{"href":"http:\/\/www.egfa.com.ar\/en\/wp-json\/wp\/v2\/media?parent=1731"}],"curies":[{"name":"wp","href":"https:\/\/api.w.org\/{rel}","templated":true}]}}