{"id":1727,"date":"2019-09-24T16:52:39","date_gmt":"2019-09-24T16:52:39","guid":{"rendered":"http:\/\/www.egfa.com.ar\/?page_id=1727"},"modified":"2020-09-14T11:01:11","modified_gmt":"2020-09-14T14:01:11","slug":"baruki-gonzalez","status":"publish","type":"page","link":"http:\/\/www.egfa.com.ar\/en\/nuestra-firma\/socios\/baruki-gonzalez\/","title":{"rendered":"BARUKI GONZ\u00c1LEZ"},"content":{"rendered":"<div class=\"wp-block-columns\">\n<div class=\"wp-block-column\" style=\"flex-basis:33.33%\">\n<div class=\"wp-block-image\"><figure class=\"aligncenter size-large\"><img loading=\"lazy\" width=\"330\" height=\"412\" src=\"http:\/\/localhost\/wp-content\/uploads\/2018\/09\/Baruki-Gonzalez.jpg\" alt=\"\" class=\"wp-image-1232\" srcset=\"http:\/\/www.egfa.com.ar\/wp-content\/uploads\/2018\/09\/Baruki-Gonzalez.jpg 330w, http:\/\/www.egfa.com.ar\/wp-content\/uploads\/2018\/09\/Baruki-Gonzalez-240x300.jpg 240w\" sizes=\"(max-width: 330px) 100vw, 330px\" \/><\/figure><\/div>\n<\/div>\n\n\n\n<div class=\"wp-block-column\" style=\"flex-basis:66.66%\">\n<p style=\"text-align: left;\">Baruki Gonz\u00e1lez received a law degree from the University of Buenos Aires in 1991 and joined Bruchou in 1992 where he was named partner in 2000.He served as a foreign associate at White & Case from 1995 to 1996. He has a major in International Trade fromthe Universidad Argentina de la Empresa. In 2004 he co-founded EGFA Abogados and he is admitted to the practice of law in the City of Buenos Aires.<\/p>\n<p style=\"text-align: left;\">He has been consistently recognized as one of the best Argentine lawyers in banking, capital markets and mergers and acquisitions inleading individual rankings of Chambers Global, Chambers Latin America, IFLR1000 and The Legal 500 Latin America. He recently acted as legal counsel in the acquisition of Telecom Argentina and in its merger with Cablevisi\u00f3n, giving rise to the largest public company in Argentina.<\/p>\n<p style=\"text-align: left;\"><strong>Contact<\/strong>: <a href=\"mailto:baruki.gonzalez@egfa.com.ar\">baruki.gonzalez@egfa.com.ar<\/a><\/p>\n<\/div>\n<\/div>\n\n\n\n<p><\/p>","protected":false},"excerpt":{"rendered":"<p>Se recibi\u00f3 de abogado en la Universidad de Buenos Aires en 1991 y en 1992 se incorpor\u00f3 al estudio Bruchou donde fue nombrado socio en 2000. Trabaj\u00f3 como asociado extranjero en White &amp; Case durante 1995 y 1996. Posee una especializaci\u00f3n en Comercio Internacional en la Universidad Argentina de la Empresa. Est\u00e1 matriculado en la &hellip; <a href=\"http:\/\/www.egfa.com.ar\/en\/nuestra-firma\/socios\/baruki-gonzalez\/\" class=\"more-link\">Continue reading <span class=\"screen-reader-text\">BARUKI GONZ\u00c1LEZ<\/span><\/a><\/p>","protected":false},"author":1,"featured_media":2765,"parent":1602,"menu_order":2,"comment_status":"closed","ping_status":"closed","template":"","meta":[],"_links":{"self":[{"href":"http:\/\/www.egfa.com.ar\/en\/wp-json\/wp\/v2\/pages\/1727"}],"collection":[{"href":"http:\/\/www.egfa.com.ar\/en\/wp-json\/wp\/v2\/pages"}],"about":[{"href":"http:\/\/www.egfa.com.ar\/en\/wp-json\/wp\/v2\/types\/page"}],"author":[{"embeddable":true,"href":"http:\/\/www.egfa.com.ar\/en\/wp-json\/wp\/v2\/users\/1"}],"replies":[{"embeddable":true,"href":"http:\/\/www.egfa.com.ar\/en\/wp-json\/wp\/v2\/comments?post=1727"}],"version-history":[{"count":6,"href":"http:\/\/www.egfa.com.ar\/en\/wp-json\/wp\/v2\/pages\/1727\/revisions"}],"predecessor-version":[{"id":3234,"href":"http:\/\/www.egfa.com.ar\/en\/wp-json\/wp\/v2\/pages\/1727\/revisions\/3234"}],"up":[{"embeddable":true,"href":"http:\/\/www.egfa.com.ar\/en\/wp-json\/wp\/v2\/pages\/1602"}],"wp:featuredmedia":[{"embeddable":true,"href":"http:\/\/www.egfa.com.ar\/en\/wp-json\/wp\/v2\/media\/2765"}],"wp:attachment":[{"href":"http:\/\/www.egfa.com.ar\/en\/wp-json\/wp\/v2\/media?parent=1727"}],"curies":[{"name":"wp","href":"https:\/\/api.w.org\/{rel}","templated":true}]}}